{"id":80,"date":"2018-01-25T16:49:58","date_gmt":"2018-01-25T15:49:57","guid":{"rendered":"https:\/\/www.siif.fr\/cn\/mentions-legales\/"},"modified":"2024-05-28T15:56:57","modified_gmt":"2024-05-28T13:56:57","slug":"legal-notice","status":"publish","type":"page","link":"https:\/\/www.siif.fr\/cn\/legal-notice\/","title":{"rendered":"\u6cd5\u5f8b\u58f0\u660e"},"content":{"rendered":"","protected":false},"excerpt":{"rendered":"","protected":false},"author":1,"featured_media":0,"parent":0,"menu_order":12,"comment_status":"closed","ping_status":"closed","template":"","meta":{"_acf_changed":false,"footnotes":""},"class_list":["post-80","page","type-page","status-publish","hentry"],"acf":[],"yoast_head":"<!-- This site is optimized with the Yoast SEO plugin v27.3 - https:\/\/yoast.com\/product\/yoast-seo-wordpress\/ -->\n<title>\u6cd5\u5f8b\u58f0\u660e - SIIF - CN<\/title>\n<meta name=\"robots\" content=\"index, follow, max-snippet:-1, max-image-preview:large, max-video-preview:-1\" \/>\n<link rel=\"canonical\" href=\"https:\/\/www.siif.fr\/cn\/legal-notice\/\" \/>\n<meta property=\"og:locale\" content=\"zh_CN\" \/>\n<meta property=\"og:type\" content=\"article\" \/>\n<meta property=\"og:title\" content=\"\u6cd5\u5f8b\u58f0\u660e - SIIF - CN\" \/>\n<meta property=\"og:url\" content=\"https:\/\/www.siif.fr\/cn\/legal-notice\/\" \/>\n<meta property=\"og:site_name\" content=\"SIIF - CN\" \/>\n<meta property=\"article:modified_time\" content=\"2024-05-28T13:56:57+00:00\" \/>\n<meta name=\"twitter:card\" content=\"summary_large_image\" \/>\n<meta name=\"twitter:label1\" content=\"\u9884\u8ba1\u9605\u8bfb\u65f6\u95f4\" \/>\n\t<meta name=\"twitter:data1\" content=\"1 \u5206\" \/>\n<script type=\"application\/ld+json\" class=\"yoast-schema-graph\">{\"@context\":\"https:\\\/\\\/schema.org\",\"@graph\":[{\"@type\":\"WebPage\",\"@id\":\"https:\\\/\\\/www.siif.fr\\\/cn\\\/legal-notice\\\/\",\"url\":\"https:\\\/\\\/www.siif.fr\\\/cn\\\/legal-notice\\\/\",\"name\":\"\u6cd5\u5f8b\u58f0\u660e - SIIF - CN\",\"isPartOf\":{\"@id\":\"https:\\\/\\\/www.siif.fr\\\/cn\\\/#website\"},\"datePublished\":\"2018-01-25T15:49:57+00:00\",\"dateModified\":\"2024-05-28T13:56:57+00:00\",\"breadcrumb\":{\"@id\":\"https:\\\/\\\/www.siif.fr\\\/cn\\\/legal-notice\\\/#breadcrumb\"},\"inLanguage\":\"zh-Hans\",\"potentialAction\":[{\"@type\":\"ReadAction\",\"target\":[\"https:\\\/\\\/www.siif.fr\\\/cn\\\/legal-notice\\\/\"]}]},{\"@type\":\"BreadcrumbList\",\"@id\":\"https:\\\/\\\/www.siif.fr\\\/cn\\\/legal-notice\\\/#breadcrumb\",\"itemListElement\":[{\"@type\":\"ListItem\",\"position\":1,\"name\":\"\u9996\u9875\",\"item\":\"https:\\\/\\\/www.siif.fr\\\/cn\\\/\"},{\"@type\":\"ListItem\",\"position\":2,\"name\":\"\u6cd5\u5f8b\u58f0\u660e\"}]},{\"@type\":\"WebSite\",\"@id\":\"https:\\\/\\\/www.siif.fr\\\/cn\\\/#website\",\"url\":\"https:\\\/\\\/www.siif.fr\\\/cn\\\/\",\"name\":\"SIIF - CN\",\"description\":\"Soci\u00e9t\u00e9 d&#039;Ing\u00e9nierie en Industrie Fonderie\",\"potentialAction\":[{\"@type\":\"SearchAction\",\"target\":{\"@type\":\"EntryPoint\",\"urlTemplate\":\"https:\\\/\\\/www.siif.fr\\\/cn\\\/?s={search_term_string}\"},\"query-input\":{\"@type\":\"PropertyValueSpecification\",\"valueRequired\":true,\"valueName\":\"search_term_string\"}}],\"inLanguage\":\"zh-Hans\"}]}<\/script>\n<!-- \/ Yoast SEO plugin. -->","yoast_head_json":{"title":"\u6cd5\u5f8b\u58f0\u660e - SIIF - CN","robots":{"index":"index","follow":"follow","max-snippet":"max-snippet:-1","max-image-preview":"max-image-preview:large","max-video-preview":"max-video-preview:-1"},"canonical":"https:\/\/www.siif.fr\/cn\/legal-notice\/","og_locale":"zh_CN","og_type":"article","og_title":"\u6cd5\u5f8b\u58f0\u660e - SIIF - CN","og_url":"https:\/\/www.siif.fr\/cn\/legal-notice\/","og_site_name":"SIIF - CN","article_modified_time":"2024-05-28T13:56:57+00:00","twitter_card":"summary_large_image","twitter_misc":{"\u9884\u8ba1\u9605\u8bfb\u65f6\u95f4":"1 \u5206"},"schema":{"@context":"https:\/\/schema.org","@graph":[{"@type":"WebPage","@id":"https:\/\/www.siif.fr\/cn\/legal-notice\/","url":"https:\/\/www.siif.fr\/cn\/legal-notice\/","name":"\u6cd5\u5f8b\u58f0\u660e - SIIF - CN","isPartOf":{"@id":"https:\/\/www.siif.fr\/cn\/#website"},"datePublished":"2018-01-25T15:49:57+00:00","dateModified":"2024-05-28T13:56:57+00:00","breadcrumb":{"@id":"https:\/\/www.siif.fr\/cn\/legal-notice\/#breadcrumb"},"inLanguage":"zh-Hans","potentialAction":[{"@type":"ReadAction","target":["https:\/\/www.siif.fr\/cn\/legal-notice\/"]}]},{"@type":"BreadcrumbList","@id":"https:\/\/www.siif.fr\/cn\/legal-notice\/#breadcrumb","itemListElement":[{"@type":"ListItem","position":1,"name":"\u9996\u9875","item":"https:\/\/www.siif.fr\/cn\/"},{"@type":"ListItem","position":2,"name":"\u6cd5\u5f8b\u58f0\u660e"}]},{"@type":"WebSite","@id":"https:\/\/www.siif.fr\/cn\/#website","url":"https:\/\/www.siif.fr\/cn\/","name":"SIIF - CN","description":"Soci\u00e9t\u00e9 d&#039;Ing\u00e9nierie en Industrie Fonderie","potentialAction":[{"@type":"SearchAction","target":{"@type":"EntryPoint","urlTemplate":"https:\/\/www.siif.fr\/cn\/?s={search_term_string}"},"query-input":{"@type":"PropertyValueSpecification","valueRequired":true,"valueName":"search_term_string"}}],"inLanguage":"zh-Hans"}]}},"_links":{"self":[{"href":"https:\/\/www.siif.fr\/cn\/wp-json\/wp\/v2\/pages\/80","targetHints":{"allow":["GET"]}}],"collection":[{"href":"https:\/\/www.siif.fr\/cn\/wp-json\/wp\/v2\/pages"}],"about":[{"href":"https:\/\/www.siif.fr\/cn\/wp-json\/wp\/v2\/types\/page"}],"author":[{"embeddable":true,"href":"https:\/\/www.siif.fr\/cn\/wp-json\/wp\/v2\/users\/1"}],"replies":[{"embeddable":true,"href":"https:\/\/www.siif.fr\/cn\/wp-json\/wp\/v2\/comments?post=80"}],"version-history":[{"count":11,"href":"https:\/\/www.siif.fr\/cn\/wp-json\/wp\/v2\/pages\/80\/revisions"}],"predecessor-version":[{"id":6785,"href":"https:\/\/www.siif.fr\/cn\/wp-json\/wp\/v2\/pages\/80\/revisions\/6785"}],"wp:attachment":[{"href":"https:\/\/www.siif.fr\/cn\/wp-json\/wp\/v2\/media?parent=80"}],"curies":[{"name":"wp","href":"https:\/\/api.w.org\/{rel}","templated":true}]}}