{"id":32,"date":"2018-01-22T11:52:40","date_gmt":"2018-01-22T10:52:40","guid":{"rendered":"http:\/\/www.siif.fr\/de\/ferroviaire\/"},"modified":"2022-02-28T15:48:19","modified_gmt":"2022-02-28T14:48:19","slug":"stahllegierungen","status":"publish","type":"page","link":"https:\/\/www.siif.fr\/de\/aktivitaten\/stahllegierungen\/","title":{"rendered":"Stahllegierungen"},"content":{"rendered":"<p>SiiF hat spezifische Verfahren zur Fertigstellung f\u00fcr Giessereien von Stahllegierungen entwickelt, die extremen thermischen Schocks standhalten k\u00f6nnen und ebenfalls vielf\u00e4ltige und komplexe Formen haben.<\/p>\n<p>Wir bietet L\u00f6sungen an, um den Besonderheiten, Qualit\u00e4ts- und Serviceanforderungen unserer Kunden in Bereichen wie der Luft- und Raumfahrt oder dem Tiefbau gerecht zu werden.<\/p>\n<p>Die SiiF-Prozesse sind f\u00fcr Teile bestimmt, die unter anderem in den folgenden Verfahren hergestellt werden :<\/p>\n<ul>\n<li>Wachsausschmelzverfahren<\/li>\n<li>horizontale Formtrennung<\/li>\n<\/ul>\n","protected":false},"excerpt":{"rendered":"<p>SiiF hat spezifische Verfahren zur Fertigstellung f\u00fcr Giessereien von Stahllegierungen entwickelt, die extremen thermischen Schocks standhalten k\u00f6nnen und ebenfalls vielf\u00e4ltige und komplexe Formen haben. Wir bietet L\u00f6sungen an, um den Besonderheiten, Qualit\u00e4ts- und Serviceanforderungen unserer Kunden in Bereichen wie der Luft- und Raumfahrt oder dem [&hellip;]<\/p>\n","protected":false},"author":1,"featured_media":6422,"parent":16,"menu_order":2,"comment_status":"closed","ping_status":"closed","template":"market.php","meta":{"_acf_changed":false,"footnotes":""},"class_list":["post-32","page","type-page","status-publish","has-post-thumbnail","hentry","page_type-market"],"acf":[],"yoast_head":"<!-- This site is optimized with the Yoast SEO plugin v27.4 - https:\/\/yoast.com\/product\/yoast-seo-wordpress\/ -->\n<title>Stahllegierungen - SIIF - DE<\/title>\n<meta name=\"description\" content=\"SiiF has developed specific finishing processes for steel foundries capable of withstanding high thermal shocks and which also have varied and complex shapes.\" \/>\n<meta name=\"robots\" content=\"index, follow, max-snippet:-1, max-image-preview:large, max-video-preview:-1\" \/>\n<link rel=\"canonical\" href=\"https:\/\/www.siif.fr\/de\/aktivitaten\/stahllegierungen\/\" \/>\n<meta property=\"og:locale\" content=\"de_DE\" \/>\n<meta property=\"og:type\" content=\"article\" \/>\n<meta property=\"og:title\" content=\"Stahllegierungen - SIIF - DE\" \/>\n<meta property=\"og:description\" content=\"SiiF has developed specific finishing processes for steel foundries capable of withstanding high thermal shocks and which also have varied and complex shapes.\" \/>\n<meta property=\"og:url\" content=\"https:\/\/www.siif.fr\/de\/aktivitaten\/stahllegierungen\/\" \/>\n<meta property=\"og:site_name\" content=\"SIIF - DE\" \/>\n<meta property=\"article:modified_time\" content=\"2022-02-28T14:48:19+00:00\" \/>\n<meta property=\"og:image\" content=\"http:\/\/www.siif.fr\/de\/wp-content\/uploads\/sites\/9\/2018\/06\/ferreux_texture-2.jpg\" \/>\n\t<meta property=\"og:image:width\" content=\"400\" \/>\n\t<meta property=\"og:image:height\" content=\"400\" \/>\n\t<meta property=\"og:image:type\" content=\"image\/jpeg\" \/>\n<meta name=\"twitter:card\" content=\"summary_large_image\" \/>\n<script type=\"application\/ld+json\" class=\"yoast-schema-graph\">{\"@context\":\"https:\\\/\\\/schema.org\",\"@graph\":[{\"@type\":\"WebPage\",\"@id\":\"https:\\\/\\\/www.siif.fr\\\/de\\\/aktivitaten\\\/stahllegierungen\\\/\",\"url\":\"https:\\\/\\\/www.siif.fr\\\/de\\\/aktivitaten\\\/stahllegierungen\\\/\",\"name\":\"Stahllegierungen - SIIF - DE\",\"isPartOf\":{\"@id\":\"https:\\\/\\\/www.siif.fr\\\/de\\\/#website\"},\"primaryImageOfPage\":{\"@id\":\"https:\\\/\\\/www.siif.fr\\\/de\\\/aktivitaten\\\/stahllegierungen\\\/#primaryimage\"},\"image\":{\"@id\":\"https:\\\/\\\/www.siif.fr\\\/de\\\/aktivitaten\\\/stahllegierungen\\\/#primaryimage\"},\"thumbnailUrl\":\"https:\\\/\\\/www.siif.fr\\\/de\\\/wp-content\\\/uploads\\\/sites\\\/9\\\/2018\\\/06\\\/ferreux_texture-2.jpg\",\"datePublished\":\"2018-01-22T10:52:40+00:00\",\"dateModified\":\"2022-02-28T14:48:19+00:00\",\"description\":\"SiiF has developed specific finishing processes for steel foundries capable of withstanding high thermal shocks and which also have varied and complex shapes.\",\"breadcrumb\":{\"@id\":\"https:\\\/\\\/www.siif.fr\\\/de\\\/aktivitaten\\\/stahllegierungen\\\/#breadcrumb\"},\"inLanguage\":\"de\",\"potentialAction\":[{\"@type\":\"ReadAction\",\"target\":[\"https:\\\/\\\/www.siif.fr\\\/de\\\/aktivitaten\\\/stahllegierungen\\\/\"]}]},{\"@type\":\"ImageObject\",\"inLanguage\":\"de\",\"@id\":\"https:\\\/\\\/www.siif.fr\\\/de\\\/aktivitaten\\\/stahllegierungen\\\/#primaryimage\",\"url\":\"https:\\\/\\\/www.siif.fr\\\/de\\\/wp-content\\\/uploads\\\/sites\\\/9\\\/2018\\\/06\\\/ferreux_texture-2.jpg\",\"contentUrl\":\"https:\\\/\\\/www.siif.fr\\\/de\\\/wp-content\\\/uploads\\\/sites\\\/9\\\/2018\\\/06\\\/ferreux_texture-2.jpg\",\"width\":400,\"height\":400},{\"@type\":\"BreadcrumbList\",\"@id\":\"https:\\\/\\\/www.siif.fr\\\/de\\\/aktivitaten\\\/stahllegierungen\\\/#breadcrumb\",\"itemListElement\":[{\"@type\":\"ListItem\",\"position\":1,\"name\":\"Home\",\"item\":\"https:\\\/\\\/www.siif.fr\\\/de\\\/\"},{\"@type\":\"ListItem\",\"position\":2,\"name\":\"Unsere Aktivit\u00e4ten\",\"item\":\"https:\\\/\\\/www.siif.fr\\\/de\\\/aktivitaten\\\/\"},{\"@type\":\"ListItem\",\"position\":3,\"name\":\"Stahllegierungen\"}]},{\"@type\":\"WebSite\",\"@id\":\"https:\\\/\\\/www.siif.fr\\\/de\\\/#website\",\"url\":\"https:\\\/\\\/www.siif.fr\\\/de\\\/\",\"name\":\"SIIF - DE\",\"description\":\"Soci\u00e9t\u00e9 d&#039;Ing\u00e9nierie en Industrie Fonderie\",\"potentialAction\":[{\"@type\":\"SearchAction\",\"target\":{\"@type\":\"EntryPoint\",\"urlTemplate\":\"https:\\\/\\\/www.siif.fr\\\/de\\\/?s={search_term_string}\"},\"query-input\":{\"@type\":\"PropertyValueSpecification\",\"valueRequired\":true,\"valueName\":\"search_term_string\"}}],\"inLanguage\":\"de\"}]}<\/script>\n<!-- \/ Yoast SEO plugin. -->","yoast_head_json":{"title":"Stahllegierungen - SIIF - DE","description":"SiiF has developed specific finishing processes for steel foundries capable of withstanding high thermal shocks and which also have varied and complex shapes.","robots":{"index":"index","follow":"follow","max-snippet":"max-snippet:-1","max-image-preview":"max-image-preview:large","max-video-preview":"max-video-preview:-1"},"canonical":"https:\/\/www.siif.fr\/de\/aktivitaten\/stahllegierungen\/","og_locale":"de_DE","og_type":"article","og_title":"Stahllegierungen - SIIF - DE","og_description":"SiiF has developed specific finishing processes for steel foundries capable of withstanding high thermal shocks and which also have varied and complex shapes.","og_url":"https:\/\/www.siif.fr\/de\/aktivitaten\/stahllegierungen\/","og_site_name":"SIIF - DE","article_modified_time":"2022-02-28T14:48:19+00:00","og_image":[{"width":400,"height":400,"url":"http:\/\/www.siif.fr\/de\/wp-content\/uploads\/sites\/9\/2018\/06\/ferreux_texture-2.jpg","type":"image\/jpeg"}],"twitter_card":"summary_large_image","schema":{"@context":"https:\/\/schema.org","@graph":[{"@type":"WebPage","@id":"https:\/\/www.siif.fr\/de\/aktivitaten\/stahllegierungen\/","url":"https:\/\/www.siif.fr\/de\/aktivitaten\/stahllegierungen\/","name":"Stahllegierungen - SIIF - DE","isPartOf":{"@id":"https:\/\/www.siif.fr\/de\/#website"},"primaryImageOfPage":{"@id":"https:\/\/www.siif.fr\/de\/aktivitaten\/stahllegierungen\/#primaryimage"},"image":{"@id":"https:\/\/www.siif.fr\/de\/aktivitaten\/stahllegierungen\/#primaryimage"},"thumbnailUrl":"https:\/\/www.siif.fr\/de\/wp-content\/uploads\/sites\/9\/2018\/06\/ferreux_texture-2.jpg","datePublished":"2018-01-22T10:52:40+00:00","dateModified":"2022-02-28T14:48:19+00:00","description":"SiiF has developed specific finishing processes for steel foundries capable of withstanding high thermal shocks and which also have varied and complex shapes.","breadcrumb":{"@id":"https:\/\/www.siif.fr\/de\/aktivitaten\/stahllegierungen\/#breadcrumb"},"inLanguage":"de","potentialAction":[{"@type":"ReadAction","target":["https:\/\/www.siif.fr\/de\/aktivitaten\/stahllegierungen\/"]}]},{"@type":"ImageObject","inLanguage":"de","@id":"https:\/\/www.siif.fr\/de\/aktivitaten\/stahllegierungen\/#primaryimage","url":"https:\/\/www.siif.fr\/de\/wp-content\/uploads\/sites\/9\/2018\/06\/ferreux_texture-2.jpg","contentUrl":"https:\/\/www.siif.fr\/de\/wp-content\/uploads\/sites\/9\/2018\/06\/ferreux_texture-2.jpg","width":400,"height":400},{"@type":"BreadcrumbList","@id":"https:\/\/www.siif.fr\/de\/aktivitaten\/stahllegierungen\/#breadcrumb","itemListElement":[{"@type":"ListItem","position":1,"name":"Home","item":"https:\/\/www.siif.fr\/de\/"},{"@type":"ListItem","position":2,"name":"Unsere Aktivit\u00e4ten","item":"https:\/\/www.siif.fr\/de\/aktivitaten\/"},{"@type":"ListItem","position":3,"name":"Stahllegierungen"}]},{"@type":"WebSite","@id":"https:\/\/www.siif.fr\/de\/#website","url":"https:\/\/www.siif.fr\/de\/","name":"SIIF - DE","description":"Soci\u00e9t\u00e9 d&#039;Ing\u00e9nierie en Industrie Fonderie","potentialAction":[{"@type":"SearchAction","target":{"@type":"EntryPoint","urlTemplate":"https:\/\/www.siif.fr\/de\/?s={search_term_string}"},"query-input":{"@type":"PropertyValueSpecification","valueRequired":true,"valueName":"search_term_string"}}],"inLanguage":"de"}]}},"_links":{"self":[{"href":"https:\/\/www.siif.fr\/de\/wp-json\/wp\/v2\/pages\/32","targetHints":{"allow":["GET"]}}],"collection":[{"href":"https:\/\/www.siif.fr\/de\/wp-json\/wp\/v2\/pages"}],"about":[{"href":"https:\/\/www.siif.fr\/de\/wp-json\/wp\/v2\/types\/page"}],"author":[{"embeddable":true,"href":"https:\/\/www.siif.fr\/de\/wp-json\/wp\/v2\/users\/1"}],"replies":[{"embeddable":true,"href":"https:\/\/www.siif.fr\/de\/wp-json\/wp\/v2\/comments?post=32"}],"version-history":[{"count":14,"href":"https:\/\/www.siif.fr\/de\/wp-json\/wp\/v2\/pages\/32\/revisions"}],"predecessor-version":[{"id":10081,"href":"https:\/\/www.siif.fr\/de\/wp-json\/wp\/v2\/pages\/32\/revisions\/10081"}],"up":[{"embeddable":true,"href":"https:\/\/www.siif.fr\/de\/wp-json\/wp\/v2\/pages\/16"}],"wp:featuredmedia":[{"embeddable":true,"href":"https:\/\/www.siif.fr\/de\/wp-json\/wp\/v2\/media\/6422"}],"wp:attachment":[{"href":"https:\/\/www.siif.fr\/de\/wp-json\/wp\/v2\/media?parent=32"}],"curies":[{"name":"wp","href":"https:\/\/api.w.org\/{rel}","templated":true}]}}