{"id":534,"date":"2018-02-16T11:33:02","date_gmt":"2018-02-16T10:33:02","guid":{"rendered":"http:\/\/www.siif.fr\/de\/marches\/marin\/"},"modified":"2022-02-28T15:45:02","modified_gmt":"2022-02-28T14:45:02","slug":"aluminium","status":"publish","type":"page","link":"https:\/\/www.siif.fr\/de\/aktivitaten\/aluminium\/","title":{"rendered":"Aluminium"},"content":{"rendered":"<p>SiiF hat Verfahren und Systeme zum K\u00fchlen, Entkernen, Entgraten, S\u00e4gen, Kontrollieren und Vorbearbeiten f\u00fcr Aluminiumgiessereien entwickelt.<\/p>\n<p>SiiF bietet eine breite Palette an Leistungsf\u00e4higkeit L\u00f6sungen an, um den Besonderheiten, Qualit\u00e4ts- und Serviceanforderungen unserer Kunden gerecht zu werden. Diese sind, jedoch nicht ausschliesslich, in den Bereichen der Automobilindustrie, der Luftfahrt oder dem \u00f6ffentlichen Bauwesen zu finden.<\/p>\n<p>Die SiiF-Prozesse sind f\u00fcr die Herstellung von Aluminiumteilen bestimmt :<\/p>\n<ul>\n<li>Kokillenguss durch Schwerkraft<\/li>\n<li>Niederdruck-Kokillenguss<\/li>\n<li>Kokillen Druckguss<\/li>\n<\/ul>\n","protected":false},"excerpt":{"rendered":"<p>SiiF hat Verfahren und Systeme zum K\u00fchlen, Entkernen, Entgraten, S\u00e4gen, Kontrollieren und Vorbearbeiten f\u00fcr Aluminiumgiessereien entwickelt. SiiF bietet eine breite Palette an Leistungsf\u00e4higkeit L\u00f6sungen an, um den Besonderheiten, Qualit\u00e4ts- und Serviceanforderungen unserer Kunden gerecht zu werden. Diese sind, jedoch nicht ausschliesslich, in den Bereichen der [&hellip;]<\/p>\n","protected":false},"author":1,"featured_media":6432,"parent":16,"menu_order":1,"comment_status":"closed","ping_status":"closed","template":"market.php","meta":{"_acf_changed":false,"footnotes":""},"class_list":["post-534","page","type-page","status-publish","has-post-thumbnail","hentry","page_type-market"],"acf":[],"yoast_head":"<!-- This site is optimized with the Yoast SEO plugin v27.4 - https:\/\/yoast.com\/product\/yoast-seo-wordpress\/ -->\n<title>Aluminium - SIIF - DE<\/title>\n<meta name=\"description\" content=\"SiiF has developed processes and systems for cooling, blast cleaning, de-burring, sawing, inspection and pre-machining for ALUMINIUM foundries.\" \/>\n<meta name=\"robots\" content=\"index, follow, max-snippet:-1, max-image-preview:large, max-video-preview:-1\" \/>\n<link rel=\"canonical\" href=\"https:\/\/www.siif.fr\/de\/aktivitaten\/aluminium\/\" \/>\n<meta property=\"og:locale\" content=\"de_DE\" \/>\n<meta property=\"og:type\" content=\"article\" \/>\n<meta property=\"og:title\" content=\"Aluminium - SIIF - DE\" \/>\n<meta property=\"og:description\" content=\"SiiF has developed processes and systems for cooling, blast cleaning, de-burring, sawing, inspection and pre-machining for ALUMINIUM foundries.\" \/>\n<meta property=\"og:url\" content=\"https:\/\/www.siif.fr\/de\/aktivitaten\/aluminium\/\" \/>\n<meta property=\"og:site_name\" content=\"SIIF - DE\" \/>\n<meta property=\"article:modified_time\" content=\"2022-02-28T14:45:02+00:00\" \/>\n<meta property=\"og:image\" content=\"http:\/\/www.siif.fr\/de\/wp-content\/uploads\/sites\/9\/2018\/06\/alu-texture-3.jpg\" \/>\n\t<meta property=\"og:image:width\" content=\"400\" \/>\n\t<meta property=\"og:image:height\" content=\"400\" \/>\n\t<meta property=\"og:image:type\" content=\"image\/jpeg\" \/>\n<meta name=\"twitter:card\" content=\"summary_large_image\" \/>\n<script type=\"application\/ld+json\" class=\"yoast-schema-graph\">{\"@context\":\"https:\\\/\\\/schema.org\",\"@graph\":[{\"@type\":\"WebPage\",\"@id\":\"https:\\\/\\\/www.siif.fr\\\/de\\\/aktivitaten\\\/aluminium\\\/\",\"url\":\"https:\\\/\\\/www.siif.fr\\\/de\\\/aktivitaten\\\/aluminium\\\/\",\"name\":\"Aluminium - SIIF - DE\",\"isPartOf\":{\"@id\":\"https:\\\/\\\/www.siif.fr\\\/de\\\/#website\"},\"primaryImageOfPage\":{\"@id\":\"https:\\\/\\\/www.siif.fr\\\/de\\\/aktivitaten\\\/aluminium\\\/#primaryimage\"},\"image\":{\"@id\":\"https:\\\/\\\/www.siif.fr\\\/de\\\/aktivitaten\\\/aluminium\\\/#primaryimage\"},\"thumbnailUrl\":\"https:\\\/\\\/www.siif.fr\\\/de\\\/wp-content\\\/uploads\\\/sites\\\/9\\\/2018\\\/06\\\/alu-texture-3.jpg\",\"datePublished\":\"2018-02-16T10:33:02+00:00\",\"dateModified\":\"2022-02-28T14:45:02+00:00\",\"description\":\"SiiF has developed processes and systems for cooling, blast cleaning, de-burring, sawing, inspection and pre-machining for ALUMINIUM foundries.\",\"breadcrumb\":{\"@id\":\"https:\\\/\\\/www.siif.fr\\\/de\\\/aktivitaten\\\/aluminium\\\/#breadcrumb\"},\"inLanguage\":\"de\",\"potentialAction\":[{\"@type\":\"ReadAction\",\"target\":[\"https:\\\/\\\/www.siif.fr\\\/de\\\/aktivitaten\\\/aluminium\\\/\"]}]},{\"@type\":\"ImageObject\",\"inLanguage\":\"de\",\"@id\":\"https:\\\/\\\/www.siif.fr\\\/de\\\/aktivitaten\\\/aluminium\\\/#primaryimage\",\"url\":\"https:\\\/\\\/www.siif.fr\\\/de\\\/wp-content\\\/uploads\\\/sites\\\/9\\\/2018\\\/06\\\/alu-texture-3.jpg\",\"contentUrl\":\"https:\\\/\\\/www.siif.fr\\\/de\\\/wp-content\\\/uploads\\\/sites\\\/9\\\/2018\\\/06\\\/alu-texture-3.jpg\",\"width\":400,\"height\":400},{\"@type\":\"BreadcrumbList\",\"@id\":\"https:\\\/\\\/www.siif.fr\\\/de\\\/aktivitaten\\\/aluminium\\\/#breadcrumb\",\"itemListElement\":[{\"@type\":\"ListItem\",\"position\":1,\"name\":\"Home\",\"item\":\"https:\\\/\\\/www.siif.fr\\\/de\\\/\"},{\"@type\":\"ListItem\",\"position\":2,\"name\":\"Unsere Aktivit\u00e4ten\",\"item\":\"https:\\\/\\\/www.siif.fr\\\/de\\\/aktivitaten\\\/\"},{\"@type\":\"ListItem\",\"position\":3,\"name\":\"Aluminium\"}]},{\"@type\":\"WebSite\",\"@id\":\"https:\\\/\\\/www.siif.fr\\\/de\\\/#website\",\"url\":\"https:\\\/\\\/www.siif.fr\\\/de\\\/\",\"name\":\"SIIF - DE\",\"description\":\"Soci\u00e9t\u00e9 d&#039;Ing\u00e9nierie en Industrie Fonderie\",\"potentialAction\":[{\"@type\":\"SearchAction\",\"target\":{\"@type\":\"EntryPoint\",\"urlTemplate\":\"https:\\\/\\\/www.siif.fr\\\/de\\\/?s={search_term_string}\"},\"query-input\":{\"@type\":\"PropertyValueSpecification\",\"valueRequired\":true,\"valueName\":\"search_term_string\"}}],\"inLanguage\":\"de\"}]}<\/script>\n<!-- \/ Yoast SEO plugin. -->","yoast_head_json":{"title":"Aluminium - SIIF - DE","description":"SiiF has developed processes and systems for cooling, blast cleaning, de-burring, sawing, inspection and pre-machining for ALUMINIUM foundries.","robots":{"index":"index","follow":"follow","max-snippet":"max-snippet:-1","max-image-preview":"max-image-preview:large","max-video-preview":"max-video-preview:-1"},"canonical":"https:\/\/www.siif.fr\/de\/aktivitaten\/aluminium\/","og_locale":"de_DE","og_type":"article","og_title":"Aluminium - SIIF - DE","og_description":"SiiF has developed processes and systems for cooling, blast cleaning, de-burring, sawing, inspection and pre-machining for ALUMINIUM foundries.","og_url":"https:\/\/www.siif.fr\/de\/aktivitaten\/aluminium\/","og_site_name":"SIIF - DE","article_modified_time":"2022-02-28T14:45:02+00:00","og_image":[{"width":400,"height":400,"url":"http:\/\/www.siif.fr\/de\/wp-content\/uploads\/sites\/9\/2018\/06\/alu-texture-3.jpg","type":"image\/jpeg"}],"twitter_card":"summary_large_image","schema":{"@context":"https:\/\/schema.org","@graph":[{"@type":"WebPage","@id":"https:\/\/www.siif.fr\/de\/aktivitaten\/aluminium\/","url":"https:\/\/www.siif.fr\/de\/aktivitaten\/aluminium\/","name":"Aluminium - SIIF - DE","isPartOf":{"@id":"https:\/\/www.siif.fr\/de\/#website"},"primaryImageOfPage":{"@id":"https:\/\/www.siif.fr\/de\/aktivitaten\/aluminium\/#primaryimage"},"image":{"@id":"https:\/\/www.siif.fr\/de\/aktivitaten\/aluminium\/#primaryimage"},"thumbnailUrl":"https:\/\/www.siif.fr\/de\/wp-content\/uploads\/sites\/9\/2018\/06\/alu-texture-3.jpg","datePublished":"2018-02-16T10:33:02+00:00","dateModified":"2022-02-28T14:45:02+00:00","description":"SiiF has developed processes and systems for cooling, blast cleaning, de-burring, sawing, inspection and pre-machining for ALUMINIUM foundries.","breadcrumb":{"@id":"https:\/\/www.siif.fr\/de\/aktivitaten\/aluminium\/#breadcrumb"},"inLanguage":"de","potentialAction":[{"@type":"ReadAction","target":["https:\/\/www.siif.fr\/de\/aktivitaten\/aluminium\/"]}]},{"@type":"ImageObject","inLanguage":"de","@id":"https:\/\/www.siif.fr\/de\/aktivitaten\/aluminium\/#primaryimage","url":"https:\/\/www.siif.fr\/de\/wp-content\/uploads\/sites\/9\/2018\/06\/alu-texture-3.jpg","contentUrl":"https:\/\/www.siif.fr\/de\/wp-content\/uploads\/sites\/9\/2018\/06\/alu-texture-3.jpg","width":400,"height":400},{"@type":"BreadcrumbList","@id":"https:\/\/www.siif.fr\/de\/aktivitaten\/aluminium\/#breadcrumb","itemListElement":[{"@type":"ListItem","position":1,"name":"Home","item":"https:\/\/www.siif.fr\/de\/"},{"@type":"ListItem","position":2,"name":"Unsere Aktivit\u00e4ten","item":"https:\/\/www.siif.fr\/de\/aktivitaten\/"},{"@type":"ListItem","position":3,"name":"Aluminium"}]},{"@type":"WebSite","@id":"https:\/\/www.siif.fr\/de\/#website","url":"https:\/\/www.siif.fr\/de\/","name":"SIIF - DE","description":"Soci\u00e9t\u00e9 d&#039;Ing\u00e9nierie en Industrie Fonderie","potentialAction":[{"@type":"SearchAction","target":{"@type":"EntryPoint","urlTemplate":"https:\/\/www.siif.fr\/de\/?s={search_term_string}"},"query-input":{"@type":"PropertyValueSpecification","valueRequired":true,"valueName":"search_term_string"}}],"inLanguage":"de"}]}},"_links":{"self":[{"href":"https:\/\/www.siif.fr\/de\/wp-json\/wp\/v2\/pages\/534","targetHints":{"allow":["GET"]}}],"collection":[{"href":"https:\/\/www.siif.fr\/de\/wp-json\/wp\/v2\/pages"}],"about":[{"href":"https:\/\/www.siif.fr\/de\/wp-json\/wp\/v2\/types\/page"}],"author":[{"embeddable":true,"href":"https:\/\/www.siif.fr\/de\/wp-json\/wp\/v2\/users\/1"}],"replies":[{"embeddable":true,"href":"https:\/\/www.siif.fr\/de\/wp-json\/wp\/v2\/comments?post=534"}],"version-history":[{"count":18,"href":"https:\/\/www.siif.fr\/de\/wp-json\/wp\/v2\/pages\/534\/revisions"}],"predecessor-version":[{"id":10080,"href":"https:\/\/www.siif.fr\/de\/wp-json\/wp\/v2\/pages\/534\/revisions\/10080"}],"up":[{"embeddable":true,"href":"https:\/\/www.siif.fr\/de\/wp-json\/wp\/v2\/pages\/16"}],"wp:featuredmedia":[{"embeddable":true,"href":"https:\/\/www.siif.fr\/de\/wp-json\/wp\/v2\/media\/6432"}],"wp:attachment":[{"href":"https:\/\/www.siif.fr\/de\/wp-json\/wp\/v2\/media?parent=534"}],"curies":[{"name":"wp","href":"https:\/\/api.w.org\/{rel}","templated":true}]}}