{"id":31,"date":"2018-01-22T11:52:40","date_gmt":"2018-01-22T10:52:40","guid":{"rendered":"http:\/\/www.siif.fr\/en\/automobile\/"},"modified":"2021-01-26T09:31:50","modified_gmt":"2021-01-26T08:31:50","slug":"automobile","status":"publish","type":"page","link":"https:\/\/www.siif.fr\/en\/markets\/automobile\/","title":{"rendered":"Cast iron"},"content":{"rendered":"<p>SiiF supplies <strong>CASTING<\/strong> finishing equipment for all main players in the automotive, railway, road network, heavy commercial vehicles, culinary and urban development sectors, etc.<\/p>\n<p>SiiF processes are designed for casting parts manufactured by sand casting:<\/p>\n<ul>\n<li>Horizontal moulding (flask-less moulding or in a moulding flask)<\/li>\n<li>Vertical flask-less moulding (example: DISAMATIC)<\/li>\n<\/ul>\n","protected":false},"excerpt":{"rendered":"<p>SiiF supplies CASTING finishing equipment for all main players in the automotive, railway, road network, heavy commercial vehicles, culinary and urban development sectors, etc. SiiF processes are designed for casting parts manufactured by sand casting: Horizontal moulding (flask-less moulding or in a moulding flask) Vertical [&hellip;]<\/p>\n","protected":false},"author":1,"featured_media":6412,"parent":16,"menu_order":0,"comment_status":"closed","ping_status":"closed","template":"market.php","meta":{"_acf_changed":false,"footnotes":""},"class_list":["post-31","page","type-page","status-publish","has-post-thumbnail","hentry","page_type-market"],"acf":[],"yoast_head":"<!-- This site is optimized with the Yoast SEO plugin v27.4 - https:\/\/yoast.com\/product\/yoast-seo-wordpress\/ -->\n<title>Cast iron - SIIF - EN<\/title>\n<meta name=\"description\" content=\"SiiF supplies CASTING finishing equipment for all main players in the automotive, railway, road network, heavy commercial vehicles, culinary and urban development sectors, etc.\" \/>\n<meta name=\"robots\" content=\"index, follow, max-snippet:-1, max-image-preview:large, max-video-preview:-1\" \/>\n<link rel=\"canonical\" href=\"https:\/\/www.siif.fr\/en\/markets\/automobile\/\" \/>\n<meta property=\"og:locale\" content=\"en_US\" \/>\n<meta property=\"og:type\" content=\"article\" \/>\n<meta property=\"og:title\" content=\"Cast iron - SIIF - EN\" \/>\n<meta property=\"og:description\" content=\"SiiF supplies CASTING finishing equipment for all main players in the automotive, railway, road network, heavy commercial vehicles, culinary and urban development sectors, etc.\" \/>\n<meta property=\"og:url\" content=\"https:\/\/www.siif.fr\/en\/markets\/automobile\/\" \/>\n<meta property=\"og:site_name\" content=\"SIIF - EN\" \/>\n<meta property=\"article:modified_time\" content=\"2021-01-26T08:31:50+00:00\" \/>\n<meta property=\"og:image\" content=\"https:\/\/www.siif.fr\/en\/wp-content\/uploads\/sites\/4\/2018\/06\/fonte_texture2.jpg\" \/>\n\t<meta property=\"og:image:width\" content=\"400\" \/>\n\t<meta property=\"og:image:height\" content=\"400\" \/>\n\t<meta property=\"og:image:type\" content=\"image\/jpeg\" \/>\n<meta name=\"twitter:card\" content=\"summary_large_image\" \/>\n<script type=\"application\/ld+json\" class=\"yoast-schema-graph\">{\"@context\":\"https:\\\/\\\/schema.org\",\"@graph\":[{\"@type\":\"WebPage\",\"@id\":\"https:\\\/\\\/www.siif.fr\\\/en\\\/markets\\\/automobile\\\/\",\"url\":\"https:\\\/\\\/www.siif.fr\\\/en\\\/markets\\\/automobile\\\/\",\"name\":\"Cast iron - SIIF - EN\",\"isPartOf\":{\"@id\":\"https:\\\/\\\/www.siif.fr\\\/en\\\/#website\"},\"primaryImageOfPage\":{\"@id\":\"https:\\\/\\\/www.siif.fr\\\/en\\\/markets\\\/automobile\\\/#primaryimage\"},\"image\":{\"@id\":\"https:\\\/\\\/www.siif.fr\\\/en\\\/markets\\\/automobile\\\/#primaryimage\"},\"thumbnailUrl\":\"https:\\\/\\\/www.siif.fr\\\/en\\\/wp-content\\\/uploads\\\/sites\\\/4\\\/2018\\\/06\\\/fonte_texture2.jpg\",\"datePublished\":\"2018-01-22T10:52:40+00:00\",\"dateModified\":\"2021-01-26T08:31:50+00:00\",\"description\":\"SiiF supplies CASTING finishing equipment for all main players in the automotive, railway, road network, heavy commercial vehicles, culinary and urban development sectors, etc.\",\"breadcrumb\":{\"@id\":\"https:\\\/\\\/www.siif.fr\\\/en\\\/markets\\\/automobile\\\/#breadcrumb\"},\"inLanguage\":\"en-US\",\"potentialAction\":[{\"@type\":\"ReadAction\",\"target\":[\"https:\\\/\\\/www.siif.fr\\\/en\\\/markets\\\/automobile\\\/\"]}]},{\"@type\":\"ImageObject\",\"inLanguage\":\"en-US\",\"@id\":\"https:\\\/\\\/www.siif.fr\\\/en\\\/markets\\\/automobile\\\/#primaryimage\",\"url\":\"https:\\\/\\\/www.siif.fr\\\/en\\\/wp-content\\\/uploads\\\/sites\\\/4\\\/2018\\\/06\\\/fonte_texture2.jpg\",\"contentUrl\":\"https:\\\/\\\/www.siif.fr\\\/en\\\/wp-content\\\/uploads\\\/sites\\\/4\\\/2018\\\/06\\\/fonte_texture2.jpg\",\"width\":400,\"height\":400},{\"@type\":\"BreadcrumbList\",\"@id\":\"https:\\\/\\\/www.siif.fr\\\/en\\\/markets\\\/automobile\\\/#breadcrumb\",\"itemListElement\":[{\"@type\":\"ListItem\",\"position\":1,\"name\":\"Home\",\"item\":\"https:\\\/\\\/www.siif.fr\\\/en\\\/\"},{\"@type\":\"ListItem\",\"position\":2,\"name\":\"Markets\",\"item\":\"https:\\\/\\\/www.siif.fr\\\/en\\\/markets\\\/\"},{\"@type\":\"ListItem\",\"position\":3,\"name\":\"Cast iron\"}]},{\"@type\":\"WebSite\",\"@id\":\"https:\\\/\\\/www.siif.fr\\\/en\\\/#website\",\"url\":\"https:\\\/\\\/www.siif.fr\\\/en\\\/\",\"name\":\"SIIF - EN\",\"description\":\"Soci\u00e9t\u00e9 d&#039;Ing\u00e9nierie en Industrie Fonderie\",\"potentialAction\":[{\"@type\":\"SearchAction\",\"target\":{\"@type\":\"EntryPoint\",\"urlTemplate\":\"https:\\\/\\\/www.siif.fr\\\/en\\\/?s={search_term_string}\"},\"query-input\":{\"@type\":\"PropertyValueSpecification\",\"valueRequired\":true,\"valueName\":\"search_term_string\"}}],\"inLanguage\":\"en-US\"}]}<\/script>\n<!-- \/ Yoast SEO plugin. -->","yoast_head_json":{"title":"Cast iron - SIIF - EN","description":"SiiF supplies CASTING finishing equipment for all main players in the automotive, railway, road network, heavy commercial vehicles, culinary and urban development sectors, etc.","robots":{"index":"index","follow":"follow","max-snippet":"max-snippet:-1","max-image-preview":"max-image-preview:large","max-video-preview":"max-video-preview:-1"},"canonical":"https:\/\/www.siif.fr\/en\/markets\/automobile\/","og_locale":"en_US","og_type":"article","og_title":"Cast iron - SIIF - EN","og_description":"SiiF supplies CASTING finishing equipment for all main players in the automotive, railway, road network, heavy commercial vehicles, culinary and urban development sectors, etc.","og_url":"https:\/\/www.siif.fr\/en\/markets\/automobile\/","og_site_name":"SIIF - EN","article_modified_time":"2021-01-26T08:31:50+00:00","og_image":[{"width":400,"height":400,"url":"https:\/\/www.siif.fr\/en\/wp-content\/uploads\/sites\/4\/2018\/06\/fonte_texture2.jpg","type":"image\/jpeg"}],"twitter_card":"summary_large_image","schema":{"@context":"https:\/\/schema.org","@graph":[{"@type":"WebPage","@id":"https:\/\/www.siif.fr\/en\/markets\/automobile\/","url":"https:\/\/www.siif.fr\/en\/markets\/automobile\/","name":"Cast iron - SIIF - EN","isPartOf":{"@id":"https:\/\/www.siif.fr\/en\/#website"},"primaryImageOfPage":{"@id":"https:\/\/www.siif.fr\/en\/markets\/automobile\/#primaryimage"},"image":{"@id":"https:\/\/www.siif.fr\/en\/markets\/automobile\/#primaryimage"},"thumbnailUrl":"https:\/\/www.siif.fr\/en\/wp-content\/uploads\/sites\/4\/2018\/06\/fonte_texture2.jpg","datePublished":"2018-01-22T10:52:40+00:00","dateModified":"2021-01-26T08:31:50+00:00","description":"SiiF supplies CASTING finishing equipment for all main players in the automotive, railway, road network, heavy commercial vehicles, culinary and urban development sectors, etc.","breadcrumb":{"@id":"https:\/\/www.siif.fr\/en\/markets\/automobile\/#breadcrumb"},"inLanguage":"en-US","potentialAction":[{"@type":"ReadAction","target":["https:\/\/www.siif.fr\/en\/markets\/automobile\/"]}]},{"@type":"ImageObject","inLanguage":"en-US","@id":"https:\/\/www.siif.fr\/en\/markets\/automobile\/#primaryimage","url":"https:\/\/www.siif.fr\/en\/wp-content\/uploads\/sites\/4\/2018\/06\/fonte_texture2.jpg","contentUrl":"https:\/\/www.siif.fr\/en\/wp-content\/uploads\/sites\/4\/2018\/06\/fonte_texture2.jpg","width":400,"height":400},{"@type":"BreadcrumbList","@id":"https:\/\/www.siif.fr\/en\/markets\/automobile\/#breadcrumb","itemListElement":[{"@type":"ListItem","position":1,"name":"Home","item":"https:\/\/www.siif.fr\/en\/"},{"@type":"ListItem","position":2,"name":"Markets","item":"https:\/\/www.siif.fr\/en\/markets\/"},{"@type":"ListItem","position":3,"name":"Cast iron"}]},{"@type":"WebSite","@id":"https:\/\/www.siif.fr\/en\/#website","url":"https:\/\/www.siif.fr\/en\/","name":"SIIF - EN","description":"Soci\u00e9t\u00e9 d&#039;Ing\u00e9nierie en Industrie Fonderie","potentialAction":[{"@type":"SearchAction","target":{"@type":"EntryPoint","urlTemplate":"https:\/\/www.siif.fr\/en\/?s={search_term_string}"},"query-input":{"@type":"PropertyValueSpecification","valueRequired":true,"valueName":"search_term_string"}}],"inLanguage":"en-US"}]}},"_links":{"self":[{"href":"https:\/\/www.siif.fr\/en\/wp-json\/wp\/v2\/pages\/31","targetHints":{"allow":["GET"]}}],"collection":[{"href":"https:\/\/www.siif.fr\/en\/wp-json\/wp\/v2\/pages"}],"about":[{"href":"https:\/\/www.siif.fr\/en\/wp-json\/wp\/v2\/types\/page"}],"author":[{"embeddable":true,"href":"https:\/\/www.siif.fr\/en\/wp-json\/wp\/v2\/users\/1"}],"replies":[{"embeddable":true,"href":"https:\/\/www.siif.fr\/en\/wp-json\/wp\/v2\/comments?post=31"}],"version-history":[{"count":19,"href":"https:\/\/www.siif.fr\/en\/wp-json\/wp\/v2\/pages\/31\/revisions"}],"predecessor-version":[{"id":9896,"href":"https:\/\/www.siif.fr\/en\/wp-json\/wp\/v2\/pages\/31\/revisions\/9896"}],"up":[{"embeddable":true,"href":"https:\/\/www.siif.fr\/en\/wp-json\/wp\/v2\/pages\/16"}],"wp:featuredmedia":[{"embeddable":true,"href":"https:\/\/www.siif.fr\/en\/wp-json\/wp\/v2\/media\/6412"}],"wp:attachment":[{"href":"https:\/\/www.siif.fr\/en\/wp-json\/wp\/v2\/media?parent=31"}],"curies":[{"name":"wp","href":"https:\/\/api.w.org\/{rel}","templated":true}]}}