{"id":32,"date":"2018-01-22T11:52:40","date_gmt":"2018-01-22T10:52:40","guid":{"rendered":"http:\/\/www.siif.fr\/en\/ferroviaire\/"},"modified":"2018-08-23T17:27:31","modified_gmt":"2018-08-23T15:27:31","slug":"steel","status":"publish","type":"page","link":"https:\/\/www.siif.fr\/en\/markets\/steel\/","title":{"rendered":"Steel"},"content":{"rendered":"<p>SiiF has developed specific finishing processes for <strong>steel alloy<\/strong> foundries capable of withstanding high thermal shocks and which also have varied and complex shapes.<\/p>\n<p>SiiF offers solutions to meet the specific needs, quality requirements and services of its customers who are industrial players in sectors such as automotive, aeronautics, or civil engineering.<\/p>\n<p>SiiF processes are designed for parts manufactured via the following processes:<\/p>\n<ul>\n<li>Lost-wax casting<\/li>\n<li>Horizontal casting<\/li>\n<\/ul>\n","protected":false},"excerpt":{"rendered":"<p>SiiF has developed specific finishing processes for steel alloy foundries capable of withstanding high thermal shocks and which also have varied and complex shapes. SiiF offers solutions to meet the specific needs, quality requirements and services of its customers who are industrial players in sectors [&hellip;]<\/p>\n","protected":false},"author":1,"featured_media":6422,"parent":16,"menu_order":2,"comment_status":"closed","ping_status":"closed","template":"market.php","meta":{"_acf_changed":false,"footnotes":""},"class_list":["post-32","page","type-page","status-publish","has-post-thumbnail","hentry","page_type-market"],"acf":[],"yoast_head":"<!-- This site is optimized with the Yoast SEO plugin v27.4 - https:\/\/yoast.com\/product\/yoast-seo-wordpress\/ -->\n<title>Steel - SIIF - EN<\/title>\n<meta name=\"description\" content=\"SiiF has developed specific finishing processes for steel foundries capable of withstanding high thermal shocks and which also have varied and complex shapes.\" \/>\n<meta name=\"robots\" content=\"index, follow, max-snippet:-1, max-image-preview:large, max-video-preview:-1\" \/>\n<link rel=\"canonical\" href=\"https:\/\/www.siif.fr\/en\/markets\/steel\/\" \/>\n<meta property=\"og:locale\" content=\"en_US\" \/>\n<meta property=\"og:type\" content=\"article\" \/>\n<meta property=\"og:title\" content=\"Steel - SIIF - EN\" \/>\n<meta property=\"og:description\" content=\"SiiF has developed specific finishing processes for steel foundries capable of withstanding high thermal shocks and which also have varied and complex shapes.\" \/>\n<meta property=\"og:url\" content=\"https:\/\/www.siif.fr\/en\/markets\/steel\/\" \/>\n<meta property=\"og:site_name\" content=\"SIIF - EN\" \/>\n<meta property=\"article:modified_time\" content=\"2018-08-23T15:27:31+00:00\" \/>\n<meta property=\"og:image\" content=\"https:\/\/www.siif.fr\/en\/wp-content\/uploads\/sites\/4\/2018\/06\/ferreux_texture-2.jpg\" \/>\n\t<meta property=\"og:image:width\" content=\"400\" \/>\n\t<meta property=\"og:image:height\" content=\"400\" \/>\n\t<meta property=\"og:image:type\" content=\"image\/jpeg\" \/>\n<meta name=\"twitter:card\" content=\"summary_large_image\" \/>\n<script type=\"application\/ld+json\" class=\"yoast-schema-graph\">{\"@context\":\"https:\\\/\\\/schema.org\",\"@graph\":[{\"@type\":\"WebPage\",\"@id\":\"https:\\\/\\\/www.siif.fr\\\/en\\\/markets\\\/steel\\\/\",\"url\":\"https:\\\/\\\/www.siif.fr\\\/en\\\/markets\\\/steel\\\/\",\"name\":\"Steel - SIIF - EN\",\"isPartOf\":{\"@id\":\"https:\\\/\\\/www.siif.fr\\\/en\\\/#website\"},\"primaryImageOfPage\":{\"@id\":\"https:\\\/\\\/www.siif.fr\\\/en\\\/markets\\\/steel\\\/#primaryimage\"},\"image\":{\"@id\":\"https:\\\/\\\/www.siif.fr\\\/en\\\/markets\\\/steel\\\/#primaryimage\"},\"thumbnailUrl\":\"https:\\\/\\\/www.siif.fr\\\/en\\\/wp-content\\\/uploads\\\/sites\\\/4\\\/2018\\\/06\\\/ferreux_texture-2.jpg\",\"datePublished\":\"2018-01-22T10:52:40+00:00\",\"dateModified\":\"2018-08-23T15:27:31+00:00\",\"description\":\"SiiF has developed specific finishing processes for steel foundries capable of withstanding high thermal shocks and which also have varied and complex shapes.\",\"breadcrumb\":{\"@id\":\"https:\\\/\\\/www.siif.fr\\\/en\\\/markets\\\/steel\\\/#breadcrumb\"},\"inLanguage\":\"en-US\",\"potentialAction\":[{\"@type\":\"ReadAction\",\"target\":[\"https:\\\/\\\/www.siif.fr\\\/en\\\/markets\\\/steel\\\/\"]}]},{\"@type\":\"ImageObject\",\"inLanguage\":\"en-US\",\"@id\":\"https:\\\/\\\/www.siif.fr\\\/en\\\/markets\\\/steel\\\/#primaryimage\",\"url\":\"https:\\\/\\\/www.siif.fr\\\/en\\\/wp-content\\\/uploads\\\/sites\\\/4\\\/2018\\\/06\\\/ferreux_texture-2.jpg\",\"contentUrl\":\"https:\\\/\\\/www.siif.fr\\\/en\\\/wp-content\\\/uploads\\\/sites\\\/4\\\/2018\\\/06\\\/ferreux_texture-2.jpg\",\"width\":400,\"height\":400},{\"@type\":\"BreadcrumbList\",\"@id\":\"https:\\\/\\\/www.siif.fr\\\/en\\\/markets\\\/steel\\\/#breadcrumb\",\"itemListElement\":[{\"@type\":\"ListItem\",\"position\":1,\"name\":\"Home\",\"item\":\"https:\\\/\\\/www.siif.fr\\\/en\\\/\"},{\"@type\":\"ListItem\",\"position\":2,\"name\":\"Markets\",\"item\":\"https:\\\/\\\/www.siif.fr\\\/en\\\/markets\\\/\"},{\"@type\":\"ListItem\",\"position\":3,\"name\":\"Steel\"}]},{\"@type\":\"WebSite\",\"@id\":\"https:\\\/\\\/www.siif.fr\\\/en\\\/#website\",\"url\":\"https:\\\/\\\/www.siif.fr\\\/en\\\/\",\"name\":\"SIIF - EN\",\"description\":\"Soci\u00e9t\u00e9 d&#039;Ing\u00e9nierie en Industrie Fonderie\",\"potentialAction\":[{\"@type\":\"SearchAction\",\"target\":{\"@type\":\"EntryPoint\",\"urlTemplate\":\"https:\\\/\\\/www.siif.fr\\\/en\\\/?s={search_term_string}\"},\"query-input\":{\"@type\":\"PropertyValueSpecification\",\"valueRequired\":true,\"valueName\":\"search_term_string\"}}],\"inLanguage\":\"en-US\"}]}<\/script>\n<!-- \/ Yoast SEO plugin. -->","yoast_head_json":{"title":"Steel - SIIF - EN","description":"SiiF has developed specific finishing processes for steel foundries capable of withstanding high thermal shocks and which also have varied and complex shapes.","robots":{"index":"index","follow":"follow","max-snippet":"max-snippet:-1","max-image-preview":"max-image-preview:large","max-video-preview":"max-video-preview:-1"},"canonical":"https:\/\/www.siif.fr\/en\/markets\/steel\/","og_locale":"en_US","og_type":"article","og_title":"Steel - SIIF - EN","og_description":"SiiF has developed specific finishing processes for steel foundries capable of withstanding high thermal shocks and which also have varied and complex shapes.","og_url":"https:\/\/www.siif.fr\/en\/markets\/steel\/","og_site_name":"SIIF - EN","article_modified_time":"2018-08-23T15:27:31+00:00","og_image":[{"width":400,"height":400,"url":"https:\/\/www.siif.fr\/en\/wp-content\/uploads\/sites\/4\/2018\/06\/ferreux_texture-2.jpg","type":"image\/jpeg"}],"twitter_card":"summary_large_image","schema":{"@context":"https:\/\/schema.org","@graph":[{"@type":"WebPage","@id":"https:\/\/www.siif.fr\/en\/markets\/steel\/","url":"https:\/\/www.siif.fr\/en\/markets\/steel\/","name":"Steel - SIIF - EN","isPartOf":{"@id":"https:\/\/www.siif.fr\/en\/#website"},"primaryImageOfPage":{"@id":"https:\/\/www.siif.fr\/en\/markets\/steel\/#primaryimage"},"image":{"@id":"https:\/\/www.siif.fr\/en\/markets\/steel\/#primaryimage"},"thumbnailUrl":"https:\/\/www.siif.fr\/en\/wp-content\/uploads\/sites\/4\/2018\/06\/ferreux_texture-2.jpg","datePublished":"2018-01-22T10:52:40+00:00","dateModified":"2018-08-23T15:27:31+00:00","description":"SiiF has developed specific finishing processes for steel foundries capable of withstanding high thermal shocks and which also have varied and complex shapes.","breadcrumb":{"@id":"https:\/\/www.siif.fr\/en\/markets\/steel\/#breadcrumb"},"inLanguage":"en-US","potentialAction":[{"@type":"ReadAction","target":["https:\/\/www.siif.fr\/en\/markets\/steel\/"]}]},{"@type":"ImageObject","inLanguage":"en-US","@id":"https:\/\/www.siif.fr\/en\/markets\/steel\/#primaryimage","url":"https:\/\/www.siif.fr\/en\/wp-content\/uploads\/sites\/4\/2018\/06\/ferreux_texture-2.jpg","contentUrl":"https:\/\/www.siif.fr\/en\/wp-content\/uploads\/sites\/4\/2018\/06\/ferreux_texture-2.jpg","width":400,"height":400},{"@type":"BreadcrumbList","@id":"https:\/\/www.siif.fr\/en\/markets\/steel\/#breadcrumb","itemListElement":[{"@type":"ListItem","position":1,"name":"Home","item":"https:\/\/www.siif.fr\/en\/"},{"@type":"ListItem","position":2,"name":"Markets","item":"https:\/\/www.siif.fr\/en\/markets\/"},{"@type":"ListItem","position":3,"name":"Steel"}]},{"@type":"WebSite","@id":"https:\/\/www.siif.fr\/en\/#website","url":"https:\/\/www.siif.fr\/en\/","name":"SIIF - EN","description":"Soci\u00e9t\u00e9 d&#039;Ing\u00e9nierie en Industrie Fonderie","potentialAction":[{"@type":"SearchAction","target":{"@type":"EntryPoint","urlTemplate":"https:\/\/www.siif.fr\/en\/?s={search_term_string}"},"query-input":{"@type":"PropertyValueSpecification","valueRequired":true,"valueName":"search_term_string"}}],"inLanguage":"en-US"}]}},"_links":{"self":[{"href":"https:\/\/www.siif.fr\/en\/wp-json\/wp\/v2\/pages\/32","targetHints":{"allow":["GET"]}}],"collection":[{"href":"https:\/\/www.siif.fr\/en\/wp-json\/wp\/v2\/pages"}],"about":[{"href":"https:\/\/www.siif.fr\/en\/wp-json\/wp\/v2\/types\/page"}],"author":[{"embeddable":true,"href":"https:\/\/www.siif.fr\/en\/wp-json\/wp\/v2\/users\/1"}],"replies":[{"embeddable":true,"href":"https:\/\/www.siif.fr\/en\/wp-json\/wp\/v2\/comments?post=32"}],"version-history":[{"count":13,"href":"https:\/\/www.siif.fr\/en\/wp-json\/wp\/v2\/pages\/32\/revisions"}],"predecessor-version":[{"id":9714,"href":"https:\/\/www.siif.fr\/en\/wp-json\/wp\/v2\/pages\/32\/revisions\/9714"}],"up":[{"embeddable":true,"href":"https:\/\/www.siif.fr\/en\/wp-json\/wp\/v2\/pages\/16"}],"wp:featuredmedia":[{"embeddable":true,"href":"https:\/\/www.siif.fr\/en\/wp-json\/wp\/v2\/media\/6422"}],"wp:attachment":[{"href":"https:\/\/www.siif.fr\/en\/wp-json\/wp\/v2\/media?parent=32"}],"curies":[{"name":"wp","href":"https:\/\/api.w.org\/{rel}","templated":true}]}}