{"id":31,"date":"2018-01-22T11:52:40","date_gmt":"2018-01-22T10:52:40","guid":{"rendered":"http:\/\/www.siif.fr\/automobile\/"},"modified":"2022-02-21T16:52:38","modified_gmt":"2022-02-21T15:52:38","slug":"hierro-fundido","status":"publish","type":"page","link":"https:\/\/www.siif.fr\/es\/mercados\/hierro-fundido\/","title":{"rendered":"Hierro fundido"},"content":{"rendered":"<p>SiiF suministra equipos de acabado de hierro fundido para los principales actores del mercado automotriz, ferrocarril, red de carreteras, veh\u00edculos comerciales pesados, culinario, mobiliario urbano, etc.<\/p>\n<p>Los procesos SiiF est\u00e1n desi\u00f1ados para piezas de hierro fundido fabricadas con la siguiente tecnolog\u00eda de producci\u00f3n :<\/p>\n<ul>\n<li>Moldeo horizontal (molde sin matraz o en un matraz de moldeo)<\/li>\n<li>Moldeo vertical sin matraz (ejemplo : DISAMATIC)<\/li>\n<\/ul>\n<p>&nbsp;<\/p>\n","protected":false},"excerpt":{"rendered":"<p>SiiF suministra equipos de acabado de hierro fundido para los principales actores del mercado automotriz, ferrocarril, red de carreteras, veh\u00edculos comerciales pesados, culinario, mobiliario urbano, etc. Los procesos SiiF est\u00e1n desi\u00f1ados para piezas de hierro fundido fabricadas con la siguiente tecnolog\u00eda de producci\u00f3n : Moldeo [&hellip;]<\/p>\n","protected":false},"author":1,"featured_media":4892,"parent":16,"menu_order":0,"comment_status":"closed","ping_status":"closed","template":"market.php","meta":{"_acf_changed":false,"footnotes":""},"class_list":["post-31","page","type-page","status-publish","has-post-thumbnail","hentry","page_type-market"],"acf":[],"yoast_head":"<!-- This site is optimized with the Yoast SEO plugin v27.4 - https:\/\/yoast.com\/product\/yoast-seo-wordpress\/ -->\n<title>Hierro fundido - SIIF - ES<\/title>\n<meta name=\"description\" content=\"SiiF fournit des \u00e9quipements de parach\u00e8vement fonte pour l&#039;ensemble des principaux acteurs automobiles, ferroviaires, culinaires, voiries, poids lourds, mobiliers urbains...\" \/>\n<meta name=\"robots\" content=\"index, follow, max-snippet:-1, max-image-preview:large, max-video-preview:-1\" \/>\n<link rel=\"canonical\" href=\"https:\/\/www.siif.fr\/es\/mercados\/hierro-fundido\/\" \/>\n<meta property=\"og:locale\" content=\"es_ES\" \/>\n<meta property=\"og:type\" content=\"article\" \/>\n<meta property=\"og:title\" content=\"Hierro fundido - SIIF - ES\" \/>\n<meta property=\"og:description\" content=\"SiiF fournit des \u00e9quipements de parach\u00e8vement fonte pour l&#039;ensemble des principaux acteurs automobiles, ferroviaires, culinaires, voiries, poids lourds, mobiliers urbains...\" \/>\n<meta property=\"og:url\" content=\"https:\/\/www.siif.fr\/es\/mercados\/hierro-fundido\/\" \/>\n<meta property=\"og:site_name\" content=\"SIIF - ES\" \/>\n<meta property=\"article:modified_time\" content=\"2022-02-21T15:52:38+00:00\" \/>\n<meta property=\"og:image\" content=\"http:\/\/www.siif.fr\/es\/wp-content\/uploads\/sites\/7\/2018\/04\/fonte_texture2.jpg\" \/>\n\t<meta property=\"og:image:width\" content=\"400\" \/>\n\t<meta property=\"og:image:height\" content=\"400\" \/>\n\t<meta property=\"og:image:type\" content=\"image\/jpeg\" \/>\n<meta name=\"twitter:card\" content=\"summary_large_image\" \/>\n<script type=\"application\/ld+json\" class=\"yoast-schema-graph\">{\"@context\":\"https:\\\/\\\/schema.org\",\"@graph\":[{\"@type\":\"WebPage\",\"@id\":\"https:\\\/\\\/www.siif.fr\\\/es\\\/mercados\\\/hierro-fundido\\\/\",\"url\":\"https:\\\/\\\/www.siif.fr\\\/es\\\/mercados\\\/hierro-fundido\\\/\",\"name\":\"Hierro fundido - SIIF - ES\",\"isPartOf\":{\"@id\":\"https:\\\/\\\/www.siif.fr\\\/es\\\/#website\"},\"primaryImageOfPage\":{\"@id\":\"https:\\\/\\\/www.siif.fr\\\/es\\\/mercados\\\/hierro-fundido\\\/#primaryimage\"},\"image\":{\"@id\":\"https:\\\/\\\/www.siif.fr\\\/es\\\/mercados\\\/hierro-fundido\\\/#primaryimage\"},\"thumbnailUrl\":\"https:\\\/\\\/www.siif.fr\\\/es\\\/wp-content\\\/uploads\\\/sites\\\/7\\\/2018\\\/04\\\/fonte_texture2.jpg\",\"datePublished\":\"2018-01-22T10:52:40+00:00\",\"dateModified\":\"2022-02-21T15:52:38+00:00\",\"description\":\"SiiF fournit des \u00e9quipements de parach\u00e8vement fonte pour l'ensemble des principaux acteurs automobiles, ferroviaires, culinaires, voiries, poids lourds, mobiliers urbains...\",\"breadcrumb\":{\"@id\":\"https:\\\/\\\/www.siif.fr\\\/es\\\/mercados\\\/hierro-fundido\\\/#breadcrumb\"},\"inLanguage\":\"es\",\"potentialAction\":[{\"@type\":\"ReadAction\",\"target\":[\"https:\\\/\\\/www.siif.fr\\\/es\\\/mercados\\\/hierro-fundido\\\/\"]}]},{\"@type\":\"ImageObject\",\"inLanguage\":\"es\",\"@id\":\"https:\\\/\\\/www.siif.fr\\\/es\\\/mercados\\\/hierro-fundido\\\/#primaryimage\",\"url\":\"https:\\\/\\\/www.siif.fr\\\/es\\\/wp-content\\\/uploads\\\/sites\\\/7\\\/2018\\\/04\\\/fonte_texture2.jpg\",\"contentUrl\":\"https:\\\/\\\/www.siif.fr\\\/es\\\/wp-content\\\/uploads\\\/sites\\\/7\\\/2018\\\/04\\\/fonte_texture2.jpg\",\"width\":400,\"height\":400},{\"@type\":\"BreadcrumbList\",\"@id\":\"https:\\\/\\\/www.siif.fr\\\/es\\\/mercados\\\/hierro-fundido\\\/#breadcrumb\",\"itemListElement\":[{\"@type\":\"ListItem\",\"position\":1,\"name\":\"Accueil\",\"item\":\"https:\\\/\\\/www.siif.fr\\\/es\\\/\"},{\"@type\":\"ListItem\",\"position\":2,\"name\":\"Mercados\",\"item\":\"https:\\\/\\\/www.siif.fr\\\/es\\\/mercados\\\/\"},{\"@type\":\"ListItem\",\"position\":3,\"name\":\"Hierro fundido\"}]},{\"@type\":\"WebSite\",\"@id\":\"https:\\\/\\\/www.siif.fr\\\/es\\\/#website\",\"url\":\"https:\\\/\\\/www.siif.fr\\\/es\\\/\",\"name\":\"SIIF - ES\",\"description\":\"Soci\u00e9t\u00e9 d&#039;Ing\u00e9nierie en Industrie Fonderie\",\"potentialAction\":[{\"@type\":\"SearchAction\",\"target\":{\"@type\":\"EntryPoint\",\"urlTemplate\":\"https:\\\/\\\/www.siif.fr\\\/es\\\/?s={search_term_string}\"},\"query-input\":{\"@type\":\"PropertyValueSpecification\",\"valueRequired\":true,\"valueName\":\"search_term_string\"}}],\"inLanguage\":\"es\"}]}<\/script>\n<!-- \/ Yoast SEO plugin. -->","yoast_head_json":{"title":"Hierro fundido - SIIF - ES","description":"SiiF fournit des \u00e9quipements de parach\u00e8vement fonte pour l'ensemble des principaux acteurs automobiles, ferroviaires, culinaires, voiries, poids lourds, mobiliers urbains...","robots":{"index":"index","follow":"follow","max-snippet":"max-snippet:-1","max-image-preview":"max-image-preview:large","max-video-preview":"max-video-preview:-1"},"canonical":"https:\/\/www.siif.fr\/es\/mercados\/hierro-fundido\/","og_locale":"es_ES","og_type":"article","og_title":"Hierro fundido - SIIF - ES","og_description":"SiiF fournit des \u00e9quipements de parach\u00e8vement fonte pour l'ensemble des principaux acteurs automobiles, ferroviaires, culinaires, voiries, poids lourds, mobiliers urbains...","og_url":"https:\/\/www.siif.fr\/es\/mercados\/hierro-fundido\/","og_site_name":"SIIF - ES","article_modified_time":"2022-02-21T15:52:38+00:00","og_image":[{"width":400,"height":400,"url":"http:\/\/www.siif.fr\/es\/wp-content\/uploads\/sites\/7\/2018\/04\/fonte_texture2.jpg","type":"image\/jpeg"}],"twitter_card":"summary_large_image","schema":{"@context":"https:\/\/schema.org","@graph":[{"@type":"WebPage","@id":"https:\/\/www.siif.fr\/es\/mercados\/hierro-fundido\/","url":"https:\/\/www.siif.fr\/es\/mercados\/hierro-fundido\/","name":"Hierro fundido - SIIF - ES","isPartOf":{"@id":"https:\/\/www.siif.fr\/es\/#website"},"primaryImageOfPage":{"@id":"https:\/\/www.siif.fr\/es\/mercados\/hierro-fundido\/#primaryimage"},"image":{"@id":"https:\/\/www.siif.fr\/es\/mercados\/hierro-fundido\/#primaryimage"},"thumbnailUrl":"https:\/\/www.siif.fr\/es\/wp-content\/uploads\/sites\/7\/2018\/04\/fonte_texture2.jpg","datePublished":"2018-01-22T10:52:40+00:00","dateModified":"2022-02-21T15:52:38+00:00","description":"SiiF fournit des \u00e9quipements de parach\u00e8vement fonte pour l'ensemble des principaux acteurs automobiles, ferroviaires, culinaires, voiries, poids lourds, mobiliers urbains...","breadcrumb":{"@id":"https:\/\/www.siif.fr\/es\/mercados\/hierro-fundido\/#breadcrumb"},"inLanguage":"es","potentialAction":[{"@type":"ReadAction","target":["https:\/\/www.siif.fr\/es\/mercados\/hierro-fundido\/"]}]},{"@type":"ImageObject","inLanguage":"es","@id":"https:\/\/www.siif.fr\/es\/mercados\/hierro-fundido\/#primaryimage","url":"https:\/\/www.siif.fr\/es\/wp-content\/uploads\/sites\/7\/2018\/04\/fonte_texture2.jpg","contentUrl":"https:\/\/www.siif.fr\/es\/wp-content\/uploads\/sites\/7\/2018\/04\/fonte_texture2.jpg","width":400,"height":400},{"@type":"BreadcrumbList","@id":"https:\/\/www.siif.fr\/es\/mercados\/hierro-fundido\/#breadcrumb","itemListElement":[{"@type":"ListItem","position":1,"name":"Accueil","item":"https:\/\/www.siif.fr\/es\/"},{"@type":"ListItem","position":2,"name":"Mercados","item":"https:\/\/www.siif.fr\/es\/mercados\/"},{"@type":"ListItem","position":3,"name":"Hierro fundido"}]},{"@type":"WebSite","@id":"https:\/\/www.siif.fr\/es\/#website","url":"https:\/\/www.siif.fr\/es\/","name":"SIIF - ES","description":"Soci\u00e9t\u00e9 d&#039;Ing\u00e9nierie en Industrie Fonderie","potentialAction":[{"@type":"SearchAction","target":{"@type":"EntryPoint","urlTemplate":"https:\/\/www.siif.fr\/es\/?s={search_term_string}"},"query-input":{"@type":"PropertyValueSpecification","valueRequired":true,"valueName":"search_term_string"}}],"inLanguage":"es"}]}},"_links":{"self":[{"href":"https:\/\/www.siif.fr\/es\/wp-json\/wp\/v2\/pages\/31","targetHints":{"allow":["GET"]}}],"collection":[{"href":"https:\/\/www.siif.fr\/es\/wp-json\/wp\/v2\/pages"}],"about":[{"href":"https:\/\/www.siif.fr\/es\/wp-json\/wp\/v2\/types\/page"}],"author":[{"embeddable":true,"href":"https:\/\/www.siif.fr\/es\/wp-json\/wp\/v2\/users\/1"}],"replies":[{"embeddable":true,"href":"https:\/\/www.siif.fr\/es\/wp-json\/wp\/v2\/comments?post=31"}],"version-history":[{"count":40,"href":"https:\/\/www.siif.fr\/es\/wp-json\/wp\/v2\/pages\/31\/revisions"}],"predecessor-version":[{"id":15669,"href":"https:\/\/www.siif.fr\/es\/wp-json\/wp\/v2\/pages\/31\/revisions\/15669"}],"up":[{"embeddable":true,"href":"https:\/\/www.siif.fr\/es\/wp-json\/wp\/v2\/pages\/16"}],"wp:featuredmedia":[{"embeddable":true,"href":"https:\/\/www.siif.fr\/es\/wp-json\/wp\/v2\/media\/4892"}],"wp:attachment":[{"href":"https:\/\/www.siif.fr\/es\/wp-json\/wp\/v2\/media?parent=31"}],"curies":[{"name":"wp","href":"https:\/\/api.w.org\/{rel}","templated":true}]}}