{"id":32,"date":"2018-01-22T11:52:40","date_gmt":"2018-01-22T10:52:40","guid":{"rendered":"http:\/\/www.siif.fr\/ferroviaire\/"},"modified":"2019-09-14T08:11:03","modified_gmt":"2019-09-14T06:11:03","slug":"acero","status":"publish","type":"page","link":"https:\/\/www.siif.fr\/es\/mercados\/acero\/","title":{"rendered":"Acero"},"content":{"rendered":"<p>SiiF ha desarrollado procesos de acabado espec\u00edficos para piezas de acero capaces de soportar choques t\u00e9rmicos elevados y con formas variadas y complejas.<\/p>\n<p>SiiF ofrece soluciones para satisfacer las necesidades espec\u00edficas, los requisitos de calidad y los serviciso de sus clientes que son actores industriales en sectores como el automotriz, la aeron\u00e1utica o la ingenier\u00eda civil.<\/p>\n<p>Los procesos SiiF est\u00e1n dise\u00f1ados para piezas fabricadas con las siguientes tecnolog\u00edas de producci\u00f3n : :<\/p>\n<ul>\n<li>Fundici\u00f3n a cera perdida<\/li>\n<li>Fundici\u00f3n horizontal<\/li>\n<\/ul>\n","protected":false},"excerpt":{"rendered":"<p>SiiF ha desarrollado procesos de acabado espec\u00edficos para piezas de acero capaces de soportar choques t\u00e9rmicos elevados y con formas variadas y complejas. SiiF ofrece soluciones para satisfacer las necesidades espec\u00edficas, los requisitos de calidad y los serviciso de sus clientes que son actores industriales [&hellip;]<\/p>\n","protected":false},"author":1,"featured_media":3622,"parent":16,"menu_order":2,"comment_status":"closed","ping_status":"closed","template":"market.php","meta":{"_acf_changed":false,"footnotes":""},"class_list":["post-32","page","type-page","status-publish","has-post-thumbnail","hentry","page_type-market"],"acf":[],"yoast_head":"<!-- This site is optimized with the Yoast SEO plugin v27.4 - https:\/\/yoast.com\/product\/yoast-seo-wordpress\/ -->\n<title>Acero - SIIF - ES<\/title>\n<meta name=\"description\" content=\"La SiiF a d\u00e9velopp\u00e9 des proc\u00e9d\u00e9s sp\u00e9cifiques du parach\u00e8vement pour les fonderies d&#039;alliages d&#039;acier pouvant r\u00e9sister \u00e0 des chocs thermiques importants, ayant \u00e9galement des formes vari\u00e9es et complexes.\" \/>\n<meta name=\"robots\" content=\"index, follow, max-snippet:-1, max-image-preview:large, max-video-preview:-1\" \/>\n<link rel=\"canonical\" href=\"https:\/\/www.siif.fr\/es\/mercados\/acero\/\" \/>\n<meta property=\"og:locale\" content=\"es_ES\" \/>\n<meta property=\"og:type\" content=\"article\" \/>\n<meta property=\"og:title\" content=\"Acero - SIIF - ES\" \/>\n<meta property=\"og:description\" content=\"La SiiF a d\u00e9velopp\u00e9 des proc\u00e9d\u00e9s sp\u00e9cifiques du parach\u00e8vement pour les fonderies d&#039;alliages d&#039;acier pouvant r\u00e9sister \u00e0 des chocs thermiques importants, ayant \u00e9galement des formes vari\u00e9es et complexes.\" \/>\n<meta property=\"og:url\" content=\"https:\/\/www.siif.fr\/es\/mercados\/acero\/\" \/>\n<meta property=\"og:site_name\" content=\"SIIF - ES\" \/>\n<meta property=\"article:modified_time\" content=\"2019-09-14T06:11:03+00:00\" \/>\n<meta property=\"og:image\" content=\"https:\/\/www.siif.fr\/es\/wp-content\/uploads\/sites\/7\/2018\/03\/ferreux_texture-2.jpg\" \/>\n\t<meta property=\"og:image:width\" content=\"400\" \/>\n\t<meta property=\"og:image:height\" content=\"400\" \/>\n\t<meta property=\"og:image:type\" content=\"image\/jpeg\" \/>\n<meta name=\"twitter:card\" content=\"summary_large_image\" \/>\n<script type=\"application\/ld+json\" class=\"yoast-schema-graph\">{\"@context\":\"https:\\\/\\\/schema.org\",\"@graph\":[{\"@type\":\"WebPage\",\"@id\":\"https:\\\/\\\/www.siif.fr\\\/es\\\/mercados\\\/acero\\\/\",\"url\":\"https:\\\/\\\/www.siif.fr\\\/es\\\/mercados\\\/acero\\\/\",\"name\":\"Acero - SIIF - ES\",\"isPartOf\":{\"@id\":\"https:\\\/\\\/www.siif.fr\\\/es\\\/#website\"},\"primaryImageOfPage\":{\"@id\":\"https:\\\/\\\/www.siif.fr\\\/es\\\/mercados\\\/acero\\\/#primaryimage\"},\"image\":{\"@id\":\"https:\\\/\\\/www.siif.fr\\\/es\\\/mercados\\\/acero\\\/#primaryimage\"},\"thumbnailUrl\":\"https:\\\/\\\/www.siif.fr\\\/es\\\/wp-content\\\/uploads\\\/sites\\\/7\\\/2018\\\/03\\\/ferreux_texture-2.jpg\",\"datePublished\":\"2018-01-22T10:52:40+00:00\",\"dateModified\":\"2019-09-14T06:11:03+00:00\",\"description\":\"La SiiF a d\u00e9velopp\u00e9 des proc\u00e9d\u00e9s sp\u00e9cifiques du parach\u00e8vement pour les fonderies d'alliages d'acier pouvant r\u00e9sister \u00e0 des chocs thermiques importants, ayant \u00e9galement des formes vari\u00e9es et complexes.\",\"breadcrumb\":{\"@id\":\"https:\\\/\\\/www.siif.fr\\\/es\\\/mercados\\\/acero\\\/#breadcrumb\"},\"inLanguage\":\"es\",\"potentialAction\":[{\"@type\":\"ReadAction\",\"target\":[\"https:\\\/\\\/www.siif.fr\\\/es\\\/mercados\\\/acero\\\/\"]}]},{\"@type\":\"ImageObject\",\"inLanguage\":\"es\",\"@id\":\"https:\\\/\\\/www.siif.fr\\\/es\\\/mercados\\\/acero\\\/#primaryimage\",\"url\":\"https:\\\/\\\/www.siif.fr\\\/es\\\/wp-content\\\/uploads\\\/sites\\\/7\\\/2018\\\/03\\\/ferreux_texture-2.jpg\",\"contentUrl\":\"https:\\\/\\\/www.siif.fr\\\/es\\\/wp-content\\\/uploads\\\/sites\\\/7\\\/2018\\\/03\\\/ferreux_texture-2.jpg\",\"width\":400,\"height\":400},{\"@type\":\"BreadcrumbList\",\"@id\":\"https:\\\/\\\/www.siif.fr\\\/es\\\/mercados\\\/acero\\\/#breadcrumb\",\"itemListElement\":[{\"@type\":\"ListItem\",\"position\":1,\"name\":\"Accueil\",\"item\":\"https:\\\/\\\/www.siif.fr\\\/es\\\/\"},{\"@type\":\"ListItem\",\"position\":2,\"name\":\"Mercados\",\"item\":\"https:\\\/\\\/www.siif.fr\\\/es\\\/mercados\\\/\"},{\"@type\":\"ListItem\",\"position\":3,\"name\":\"Acero\"}]},{\"@type\":\"WebSite\",\"@id\":\"https:\\\/\\\/www.siif.fr\\\/es\\\/#website\",\"url\":\"https:\\\/\\\/www.siif.fr\\\/es\\\/\",\"name\":\"SIIF - ES\",\"description\":\"Soci\u00e9t\u00e9 d&#039;Ing\u00e9nierie en Industrie Fonderie\",\"potentialAction\":[{\"@type\":\"SearchAction\",\"target\":{\"@type\":\"EntryPoint\",\"urlTemplate\":\"https:\\\/\\\/www.siif.fr\\\/es\\\/?s={search_term_string}\"},\"query-input\":{\"@type\":\"PropertyValueSpecification\",\"valueRequired\":true,\"valueName\":\"search_term_string\"}}],\"inLanguage\":\"es\"}]}<\/script>\n<!-- \/ Yoast SEO plugin. -->","yoast_head_json":{"title":"Acero - SIIF - ES","description":"La SiiF a d\u00e9velopp\u00e9 des proc\u00e9d\u00e9s sp\u00e9cifiques du parach\u00e8vement pour les fonderies d'alliages d'acier pouvant r\u00e9sister \u00e0 des chocs thermiques importants, ayant \u00e9galement des formes vari\u00e9es et complexes.","robots":{"index":"index","follow":"follow","max-snippet":"max-snippet:-1","max-image-preview":"max-image-preview:large","max-video-preview":"max-video-preview:-1"},"canonical":"https:\/\/www.siif.fr\/es\/mercados\/acero\/","og_locale":"es_ES","og_type":"article","og_title":"Acero - SIIF - ES","og_description":"La SiiF a d\u00e9velopp\u00e9 des proc\u00e9d\u00e9s sp\u00e9cifiques du parach\u00e8vement pour les fonderies d'alliages d'acier pouvant r\u00e9sister \u00e0 des chocs thermiques importants, ayant \u00e9galement des formes vari\u00e9es et complexes.","og_url":"https:\/\/www.siif.fr\/es\/mercados\/acero\/","og_site_name":"SIIF - ES","article_modified_time":"2019-09-14T06:11:03+00:00","og_image":[{"width":400,"height":400,"url":"https:\/\/www.siif.fr\/es\/wp-content\/uploads\/sites\/7\/2018\/03\/ferreux_texture-2.jpg","type":"image\/jpeg"}],"twitter_card":"summary_large_image","schema":{"@context":"https:\/\/schema.org","@graph":[{"@type":"WebPage","@id":"https:\/\/www.siif.fr\/es\/mercados\/acero\/","url":"https:\/\/www.siif.fr\/es\/mercados\/acero\/","name":"Acero - SIIF - ES","isPartOf":{"@id":"https:\/\/www.siif.fr\/es\/#website"},"primaryImageOfPage":{"@id":"https:\/\/www.siif.fr\/es\/mercados\/acero\/#primaryimage"},"image":{"@id":"https:\/\/www.siif.fr\/es\/mercados\/acero\/#primaryimage"},"thumbnailUrl":"https:\/\/www.siif.fr\/es\/wp-content\/uploads\/sites\/7\/2018\/03\/ferreux_texture-2.jpg","datePublished":"2018-01-22T10:52:40+00:00","dateModified":"2019-09-14T06:11:03+00:00","description":"La SiiF a d\u00e9velopp\u00e9 des proc\u00e9d\u00e9s sp\u00e9cifiques du parach\u00e8vement pour les fonderies d'alliages d'acier pouvant r\u00e9sister \u00e0 des chocs thermiques importants, ayant \u00e9galement des formes vari\u00e9es et complexes.","breadcrumb":{"@id":"https:\/\/www.siif.fr\/es\/mercados\/acero\/#breadcrumb"},"inLanguage":"es","potentialAction":[{"@type":"ReadAction","target":["https:\/\/www.siif.fr\/es\/mercados\/acero\/"]}]},{"@type":"ImageObject","inLanguage":"es","@id":"https:\/\/www.siif.fr\/es\/mercados\/acero\/#primaryimage","url":"https:\/\/www.siif.fr\/es\/wp-content\/uploads\/sites\/7\/2018\/03\/ferreux_texture-2.jpg","contentUrl":"https:\/\/www.siif.fr\/es\/wp-content\/uploads\/sites\/7\/2018\/03\/ferreux_texture-2.jpg","width":400,"height":400},{"@type":"BreadcrumbList","@id":"https:\/\/www.siif.fr\/es\/mercados\/acero\/#breadcrumb","itemListElement":[{"@type":"ListItem","position":1,"name":"Accueil","item":"https:\/\/www.siif.fr\/es\/"},{"@type":"ListItem","position":2,"name":"Mercados","item":"https:\/\/www.siif.fr\/es\/mercados\/"},{"@type":"ListItem","position":3,"name":"Acero"}]},{"@type":"WebSite","@id":"https:\/\/www.siif.fr\/es\/#website","url":"https:\/\/www.siif.fr\/es\/","name":"SIIF - ES","description":"Soci\u00e9t\u00e9 d&#039;Ing\u00e9nierie en Industrie Fonderie","potentialAction":[{"@type":"SearchAction","target":{"@type":"EntryPoint","urlTemplate":"https:\/\/www.siif.fr\/es\/?s={search_term_string}"},"query-input":{"@type":"PropertyValueSpecification","valueRequired":true,"valueName":"search_term_string"}}],"inLanguage":"es"}]}},"_links":{"self":[{"href":"https:\/\/www.siif.fr\/es\/wp-json\/wp\/v2\/pages\/32","targetHints":{"allow":["GET"]}}],"collection":[{"href":"https:\/\/www.siif.fr\/es\/wp-json\/wp\/v2\/pages"}],"about":[{"href":"https:\/\/www.siif.fr\/es\/wp-json\/wp\/v2\/types\/page"}],"author":[{"embeddable":true,"href":"https:\/\/www.siif.fr\/es\/wp-json\/wp\/v2\/users\/1"}],"replies":[{"embeddable":true,"href":"https:\/\/www.siif.fr\/es\/wp-json\/wp\/v2\/comments?post=32"}],"version-history":[{"count":23,"href":"https:\/\/www.siif.fr\/es\/wp-json\/wp\/v2\/pages\/32\/revisions"}],"predecessor-version":[{"id":15513,"href":"https:\/\/www.siif.fr\/es\/wp-json\/wp\/v2\/pages\/32\/revisions\/15513"}],"up":[{"embeddable":true,"href":"https:\/\/www.siif.fr\/es\/wp-json\/wp\/v2\/pages\/16"}],"wp:featuredmedia":[{"embeddable":true,"href":"https:\/\/www.siif.fr\/es\/wp-json\/wp\/v2\/media\/3622"}],"wp:attachment":[{"href":"https:\/\/www.siif.fr\/es\/wp-json\/wp\/v2\/media?parent=32"}],"curies":[{"name":"wp","href":"https:\/\/api.w.org\/{rel}","templated":true}]}}