{"id":542,"date":"2018-02-16T11:33:16","date_gmt":"2018-02-16T10:33:16","guid":{"rendered":"http:\/\/www.siif.fr\/marches\/marin\/"},"modified":"2022-02-21T16:57:03","modified_gmt":"2022-02-21T15:57:03","slug":"aluminio","status":"publish","type":"page","link":"https:\/\/www.siif.fr\/es\/mercados\/aluminio\/","title":{"rendered":"Aluminio"},"content":{"rendered":"<p>SiiF ha desarrollado procesos y sistemas de enfriamiento, eliminaci\u00f3n de n\u00facleos, desbarbado, recorte, control y pre-mecanizado de piezas de aluminio.<\/p>\n<p>La compa\u00f1ia ofrece una amplia gama de soluciones escalabres para satisfacer las necessidades espec\u00edficas, los requisitos de calidad y los servicios de sus clientes, as\u00ed como la aeron\u00e1utica o la ingenier\u00eda civil.<\/p>\n<p>Los procesos SiiF est\u00e1n dise\u00f1ados para piezas de hierro fundido fabricadas con la siguiente tecnolog\u00eda de producci\u00f3n :<\/p>\n<ul>\n<li>Fundici\u00f3n por gravedad<\/li>\n<li>Fundici\u00f3n a baja presi\u00f3n<\/li>\n<li>Fundici\u00f3n a presi\u00f3n<\/li>\n<li>Fundici\u00f3n en molde de arena<\/li>\n<\/ul>\n","protected":false},"excerpt":{"rendered":"<p>SiiF ha desarrollado procesos y sistemas de enfriamiento, eliminaci\u00f3n de n\u00facleos, desbarbado, recorte, control y pre-mecanizado de piezas de aluminio. La compa\u00f1ia ofrece una amplia gama de soluciones escalabres para satisfacer las necessidades espec\u00edficas, los requisitos de calidad y los servicios de sus clientes, as\u00ed [&hellip;]<\/p>\n","protected":false},"author":1,"featured_media":3582,"parent":16,"menu_order":1,"comment_status":"closed","ping_status":"closed","template":"market.php","meta":{"_acf_changed":false,"footnotes":""},"class_list":["post-542","page","type-page","status-publish","has-post-thumbnail","hentry","page_type-market"],"acf":[],"yoast_head":"<!-- This site is optimized with the Yoast SEO plugin v27.3 - https:\/\/yoast.com\/product\/yoast-seo-wordpress\/ -->\n<title>Aluminio - SIIF - ES<\/title>\n<meta name=\"description\" content=\"La SiiF a d\u00e9velopp\u00e9 des proc\u00e9d\u00e9s et des syt\u00e8mes pour le refroidissement, le dessablage, l&#039;\u00e9bavurage, le sciage, le contr\u00f4le et le pr\u00e9-usinage pour les fonderies aluminium.\" \/>\n<meta name=\"robots\" content=\"index, follow, max-snippet:-1, max-image-preview:large, max-video-preview:-1\" \/>\n<link rel=\"canonical\" href=\"https:\/\/www.siif.fr\/es\/mercados\/aluminio\/\" \/>\n<meta property=\"og:locale\" content=\"es_ES\" \/>\n<meta property=\"og:type\" content=\"article\" \/>\n<meta property=\"og:title\" content=\"Aluminio - SIIF - ES\" \/>\n<meta property=\"og:description\" content=\"La SiiF a d\u00e9velopp\u00e9 des proc\u00e9d\u00e9s et des syt\u00e8mes pour le refroidissement, le dessablage, l&#039;\u00e9bavurage, le sciage, le contr\u00f4le et le pr\u00e9-usinage pour les fonderies aluminium.\" \/>\n<meta property=\"og:url\" content=\"https:\/\/www.siif.fr\/es\/mercados\/aluminio\/\" \/>\n<meta property=\"og:site_name\" content=\"SIIF - ES\" \/>\n<meta property=\"article:modified_time\" content=\"2022-02-21T15:57:03+00:00\" \/>\n<meta property=\"og:image\" content=\"http:\/\/www.siif.fr\/es\/wp-content\/uploads\/sites\/7\/2018\/03\/alu-texture-3.jpg\" \/>\n\t<meta property=\"og:image:width\" content=\"400\" \/>\n\t<meta property=\"og:image:height\" content=\"400\" \/>\n\t<meta property=\"og:image:type\" content=\"image\/jpeg\" \/>\n<meta name=\"twitter:card\" content=\"summary_large_image\" \/>\n<meta name=\"twitter:label1\" content=\"Tiempo de lectura\" \/>\n\t<meta name=\"twitter:data1\" content=\"1 minuto\" \/>\n<script type=\"application\/ld+json\" class=\"yoast-schema-graph\">{\"@context\":\"https:\\\/\\\/schema.org\",\"@graph\":[{\"@type\":\"WebPage\",\"@id\":\"https:\\\/\\\/www.siif.fr\\\/es\\\/mercados\\\/aluminio\\\/\",\"url\":\"https:\\\/\\\/www.siif.fr\\\/es\\\/mercados\\\/aluminio\\\/\",\"name\":\"Aluminio - SIIF - ES\",\"isPartOf\":{\"@id\":\"https:\\\/\\\/www.siif.fr\\\/es\\\/#website\"},\"primaryImageOfPage\":{\"@id\":\"https:\\\/\\\/www.siif.fr\\\/es\\\/mercados\\\/aluminio\\\/#primaryimage\"},\"image\":{\"@id\":\"https:\\\/\\\/www.siif.fr\\\/es\\\/mercados\\\/aluminio\\\/#primaryimage\"},\"thumbnailUrl\":\"https:\\\/\\\/www.siif.fr\\\/es\\\/wp-content\\\/uploads\\\/sites\\\/7\\\/2018\\\/03\\\/alu-texture-3.jpg\",\"datePublished\":\"2018-02-16T10:33:16+00:00\",\"dateModified\":\"2022-02-21T15:57:03+00:00\",\"description\":\"La SiiF a d\u00e9velopp\u00e9 des proc\u00e9d\u00e9s et des syt\u00e8mes pour le refroidissement, le dessablage, l'\u00e9bavurage, le sciage, le contr\u00f4le et le pr\u00e9-usinage pour les fonderies aluminium.\",\"breadcrumb\":{\"@id\":\"https:\\\/\\\/www.siif.fr\\\/es\\\/mercados\\\/aluminio\\\/#breadcrumb\"},\"inLanguage\":\"es\",\"potentialAction\":[{\"@type\":\"ReadAction\",\"target\":[\"https:\\\/\\\/www.siif.fr\\\/es\\\/mercados\\\/aluminio\\\/\"]}]},{\"@type\":\"ImageObject\",\"inLanguage\":\"es\",\"@id\":\"https:\\\/\\\/www.siif.fr\\\/es\\\/mercados\\\/aluminio\\\/#primaryimage\",\"url\":\"https:\\\/\\\/www.siif.fr\\\/es\\\/wp-content\\\/uploads\\\/sites\\\/7\\\/2018\\\/03\\\/alu-texture-3.jpg\",\"contentUrl\":\"https:\\\/\\\/www.siif.fr\\\/es\\\/wp-content\\\/uploads\\\/sites\\\/7\\\/2018\\\/03\\\/alu-texture-3.jpg\",\"width\":400,\"height\":400},{\"@type\":\"BreadcrumbList\",\"@id\":\"https:\\\/\\\/www.siif.fr\\\/es\\\/mercados\\\/aluminio\\\/#breadcrumb\",\"itemListElement\":[{\"@type\":\"ListItem\",\"position\":1,\"name\":\"Accueil\",\"item\":\"https:\\\/\\\/www.siif.fr\\\/es\\\/\"},{\"@type\":\"ListItem\",\"position\":2,\"name\":\"Mercados\",\"item\":\"https:\\\/\\\/www.siif.fr\\\/es\\\/mercados\\\/\"},{\"@type\":\"ListItem\",\"position\":3,\"name\":\"Aluminio\"}]},{\"@type\":\"WebSite\",\"@id\":\"https:\\\/\\\/www.siif.fr\\\/es\\\/#website\",\"url\":\"https:\\\/\\\/www.siif.fr\\\/es\\\/\",\"name\":\"SIIF - ES\",\"description\":\"Soci\u00e9t\u00e9 d&#039;Ing\u00e9nierie en Industrie Fonderie\",\"potentialAction\":[{\"@type\":\"SearchAction\",\"target\":{\"@type\":\"EntryPoint\",\"urlTemplate\":\"https:\\\/\\\/www.siif.fr\\\/es\\\/?s={search_term_string}\"},\"query-input\":{\"@type\":\"PropertyValueSpecification\",\"valueRequired\":true,\"valueName\":\"search_term_string\"}}],\"inLanguage\":\"es\"}]}<\/script>\n<!-- \/ Yoast SEO plugin. -->","yoast_head_json":{"title":"Aluminio - SIIF - ES","description":"La SiiF a d\u00e9velopp\u00e9 des proc\u00e9d\u00e9s et des syt\u00e8mes pour le refroidissement, le dessablage, l'\u00e9bavurage, le sciage, le contr\u00f4le et le pr\u00e9-usinage pour les fonderies aluminium.","robots":{"index":"index","follow":"follow","max-snippet":"max-snippet:-1","max-image-preview":"max-image-preview:large","max-video-preview":"max-video-preview:-1"},"canonical":"https:\/\/www.siif.fr\/es\/mercados\/aluminio\/","og_locale":"es_ES","og_type":"article","og_title":"Aluminio - SIIF - ES","og_description":"La SiiF a d\u00e9velopp\u00e9 des proc\u00e9d\u00e9s et des syt\u00e8mes pour le refroidissement, le dessablage, l'\u00e9bavurage, le sciage, le contr\u00f4le et le pr\u00e9-usinage pour les fonderies aluminium.","og_url":"https:\/\/www.siif.fr\/es\/mercados\/aluminio\/","og_site_name":"SIIF - ES","article_modified_time":"2022-02-21T15:57:03+00:00","og_image":[{"width":400,"height":400,"url":"http:\/\/www.siif.fr\/es\/wp-content\/uploads\/sites\/7\/2018\/03\/alu-texture-3.jpg","type":"image\/jpeg"}],"twitter_card":"summary_large_image","twitter_misc":{"Tiempo de lectura":"1 minuto"},"schema":{"@context":"https:\/\/schema.org","@graph":[{"@type":"WebPage","@id":"https:\/\/www.siif.fr\/es\/mercados\/aluminio\/","url":"https:\/\/www.siif.fr\/es\/mercados\/aluminio\/","name":"Aluminio - SIIF - ES","isPartOf":{"@id":"https:\/\/www.siif.fr\/es\/#website"},"primaryImageOfPage":{"@id":"https:\/\/www.siif.fr\/es\/mercados\/aluminio\/#primaryimage"},"image":{"@id":"https:\/\/www.siif.fr\/es\/mercados\/aluminio\/#primaryimage"},"thumbnailUrl":"https:\/\/www.siif.fr\/es\/wp-content\/uploads\/sites\/7\/2018\/03\/alu-texture-3.jpg","datePublished":"2018-02-16T10:33:16+00:00","dateModified":"2022-02-21T15:57:03+00:00","description":"La SiiF a d\u00e9velopp\u00e9 des proc\u00e9d\u00e9s et des syt\u00e8mes pour le refroidissement, le dessablage, l'\u00e9bavurage, le sciage, le contr\u00f4le et le pr\u00e9-usinage pour les fonderies aluminium.","breadcrumb":{"@id":"https:\/\/www.siif.fr\/es\/mercados\/aluminio\/#breadcrumb"},"inLanguage":"es","potentialAction":[{"@type":"ReadAction","target":["https:\/\/www.siif.fr\/es\/mercados\/aluminio\/"]}]},{"@type":"ImageObject","inLanguage":"es","@id":"https:\/\/www.siif.fr\/es\/mercados\/aluminio\/#primaryimage","url":"https:\/\/www.siif.fr\/es\/wp-content\/uploads\/sites\/7\/2018\/03\/alu-texture-3.jpg","contentUrl":"https:\/\/www.siif.fr\/es\/wp-content\/uploads\/sites\/7\/2018\/03\/alu-texture-3.jpg","width":400,"height":400},{"@type":"BreadcrumbList","@id":"https:\/\/www.siif.fr\/es\/mercados\/aluminio\/#breadcrumb","itemListElement":[{"@type":"ListItem","position":1,"name":"Accueil","item":"https:\/\/www.siif.fr\/es\/"},{"@type":"ListItem","position":2,"name":"Mercados","item":"https:\/\/www.siif.fr\/es\/mercados\/"},{"@type":"ListItem","position":3,"name":"Aluminio"}]},{"@type":"WebSite","@id":"https:\/\/www.siif.fr\/es\/#website","url":"https:\/\/www.siif.fr\/es\/","name":"SIIF - ES","description":"Soci\u00e9t\u00e9 d&#039;Ing\u00e9nierie en Industrie Fonderie","potentialAction":[{"@type":"SearchAction","target":{"@type":"EntryPoint","urlTemplate":"https:\/\/www.siif.fr\/es\/?s={search_term_string}"},"query-input":{"@type":"PropertyValueSpecification","valueRequired":true,"valueName":"search_term_string"}}],"inLanguage":"es"}]}},"_links":{"self":[{"href":"https:\/\/www.siif.fr\/es\/wp-json\/wp\/v2\/pages\/542","targetHints":{"allow":["GET"]}}],"collection":[{"href":"https:\/\/www.siif.fr\/es\/wp-json\/wp\/v2\/pages"}],"about":[{"href":"https:\/\/www.siif.fr\/es\/wp-json\/wp\/v2\/types\/page"}],"author":[{"embeddable":true,"href":"https:\/\/www.siif.fr\/es\/wp-json\/wp\/v2\/users\/1"}],"replies":[{"embeddable":true,"href":"https:\/\/www.siif.fr\/es\/wp-json\/wp\/v2\/comments?post=542"}],"version-history":[{"count":23,"href":"https:\/\/www.siif.fr\/es\/wp-json\/wp\/v2\/pages\/542\/revisions"}],"predecessor-version":[{"id":15670,"href":"https:\/\/www.siif.fr\/es\/wp-json\/wp\/v2\/pages\/542\/revisions\/15670"}],"up":[{"embeddable":true,"href":"https:\/\/www.siif.fr\/es\/wp-json\/wp\/v2\/pages\/16"}],"wp:featuredmedia":[{"embeddable":true,"href":"https:\/\/www.siif.fr\/es\/wp-json\/wp\/v2\/media\/3582"}],"wp:attachment":[{"href":"https:\/\/www.siif.fr\/es\/wp-json\/wp\/v2\/media?parent=542"}],"curies":[{"name":"wp","href":"https:\/\/api.w.org\/{rel}","templated":true}]}}