{"id":31,"date":"2018-01-22T11:52:40","date_gmt":"2018-01-22T10:52:40","guid":{"rendered":"http:\/\/www.siif.fr\/pl\/automobile\/"},"modified":"2022-02-28T14:57:28","modified_gmt":"2022-02-28T13:57:28","slug":"zeliwo","status":"publish","type":"page","link":"https:\/\/www.siif.fr\/pl\/rynki\/zeliwo\/","title":{"rendered":"\u017beliwo"},"content":{"rendered":"<p>SiiF dostarcza urz\u0105dzenia do obr\u00f3bki wyka\u0144czaj\u0105cej \u017celiwa dla wszystkich g\u0142\u00f3wnych producent\u00f3w w bran\u017cy motoryzacyjnej, kolejowej, gastronomicznej, drogowej, pojazd\u00f3w ci\u0119\u017carowych i mebli.<\/p>\n<p>Procesy SiiF s\u0105 przeznaczone dla odlew\u00f3w wykonywanych metod\u0105 odlewania w formach :<\/p>\n<ul>\n<li>Poziomym podzia\u0142em (formowanie skrzynkowe lub bez skrzynkowe)<\/li>\n<li>Pionowym podzia\u0142em, bez skrzynkowe (np. DISAMATIC)<\/li>\n<\/ul>\n","protected":false},"excerpt":{"rendered":"<p>SiiF dostarcza urz\u0105dzenia do obr\u00f3bki wyka\u0144czaj\u0105cej \u017celiwa dla wszystkich g\u0142\u00f3wnych producent\u00f3w w bran\u017cy motoryzacyjnej, kolejowej, gastronomicznej, drogowej, pojazd\u00f3w ci\u0119\u017carowych i mebli. Procesy SiiF s\u0105 przeznaczone dla odlew\u00f3w wykonywanych metod\u0105 odlewania w formach : Poziomym podzia\u0142em (formowanie skrzynkowe lub bez skrzynkowe) Pionowym podzia\u0142em, bez skrzynkowe (np. [&hellip;]<\/p>\n","protected":false},"author":1,"featured_media":6412,"parent":16,"menu_order":0,"comment_status":"closed","ping_status":"closed","template":"market.php","meta":{"_acf_changed":false,"footnotes":""},"class_list":["post-31","page","type-page","status-publish","has-post-thumbnail","hentry","page_type-market"],"acf":[],"yoast_head":"<!-- This site is optimized with the Yoast SEO plugin v27.4 - https:\/\/yoast.com\/product\/yoast-seo-wordpress\/ -->\n<title>\u017beliwo - SIIF - PL<\/title>\n<meta name=\"description\" content=\"SiiF supplies CASTING finishing equipment for all main players in the automotive, railway, road network, heavy commercial vehicles, culinary and urban development sectors, etc.\" \/>\n<meta name=\"robots\" content=\"index, follow, max-snippet:-1, max-image-preview:large, max-video-preview:-1\" \/>\n<link rel=\"canonical\" href=\"https:\/\/www.siif.fr\/pl\/rynki\/zeliwo\/\" \/>\n<meta property=\"og:locale\" content=\"pl_PL\" \/>\n<meta property=\"og:type\" content=\"article\" \/>\n<meta property=\"og:title\" content=\"\u017beliwo - SIIF - PL\" \/>\n<meta property=\"og:description\" content=\"SiiF supplies CASTING finishing equipment for all main players in the automotive, railway, road network, heavy commercial vehicles, culinary and urban development sectors, etc.\" \/>\n<meta property=\"og:url\" content=\"https:\/\/www.siif.fr\/pl\/rynki\/zeliwo\/\" \/>\n<meta property=\"og:site_name\" content=\"SIIF - PL\" \/>\n<meta property=\"article:modified_time\" content=\"2022-02-28T13:57:28+00:00\" \/>\n<meta property=\"og:image\" content=\"http:\/\/www.siif.fr\/pl\/wp-content\/uploads\/sites\/8\/2018\/06\/fonte_texture2.jpg\" \/>\n\t<meta property=\"og:image:width\" content=\"400\" \/>\n\t<meta property=\"og:image:height\" content=\"400\" \/>\n\t<meta property=\"og:image:type\" content=\"image\/jpeg\" \/>\n<meta name=\"twitter:card\" content=\"summary_large_image\" \/>\n<script type=\"application\/ld+json\" class=\"yoast-schema-graph\">{\"@context\":\"https:\\\/\\\/schema.org\",\"@graph\":[{\"@type\":\"WebPage\",\"@id\":\"https:\\\/\\\/www.siif.fr\\\/pl\\\/rynki\\\/zeliwo\\\/\",\"url\":\"https:\\\/\\\/www.siif.fr\\\/pl\\\/rynki\\\/zeliwo\\\/\",\"name\":\"\u017beliwo - SIIF - PL\",\"isPartOf\":{\"@id\":\"https:\\\/\\\/www.siif.fr\\\/pl\\\/#website\"},\"primaryImageOfPage\":{\"@id\":\"https:\\\/\\\/www.siif.fr\\\/pl\\\/rynki\\\/zeliwo\\\/#primaryimage\"},\"image\":{\"@id\":\"https:\\\/\\\/www.siif.fr\\\/pl\\\/rynki\\\/zeliwo\\\/#primaryimage\"},\"thumbnailUrl\":\"https:\\\/\\\/www.siif.fr\\\/pl\\\/wp-content\\\/uploads\\\/sites\\\/8\\\/2018\\\/06\\\/fonte_texture2.jpg\",\"datePublished\":\"2018-01-22T10:52:40+00:00\",\"dateModified\":\"2022-02-28T13:57:28+00:00\",\"description\":\"SiiF supplies CASTING finishing equipment for all main players in the automotive, railway, road network, heavy commercial vehicles, culinary and urban development sectors, etc.\",\"breadcrumb\":{\"@id\":\"https:\\\/\\\/www.siif.fr\\\/pl\\\/rynki\\\/zeliwo\\\/#breadcrumb\"},\"inLanguage\":\"pl-PL\",\"potentialAction\":[{\"@type\":\"ReadAction\",\"target\":[\"https:\\\/\\\/www.siif.fr\\\/pl\\\/rynki\\\/zeliwo\\\/\"]}]},{\"@type\":\"ImageObject\",\"inLanguage\":\"pl-PL\",\"@id\":\"https:\\\/\\\/www.siif.fr\\\/pl\\\/rynki\\\/zeliwo\\\/#primaryimage\",\"url\":\"https:\\\/\\\/www.siif.fr\\\/pl\\\/wp-content\\\/uploads\\\/sites\\\/8\\\/2018\\\/06\\\/fonte_texture2.jpg\",\"contentUrl\":\"https:\\\/\\\/www.siif.fr\\\/pl\\\/wp-content\\\/uploads\\\/sites\\\/8\\\/2018\\\/06\\\/fonte_texture2.jpg\",\"width\":400,\"height\":400},{\"@type\":\"BreadcrumbList\",\"@id\":\"https:\\\/\\\/www.siif.fr\\\/pl\\\/rynki\\\/zeliwo\\\/#breadcrumb\",\"itemListElement\":[{\"@type\":\"ListItem\",\"position\":1,\"name\":\"Home\",\"item\":\"https:\\\/\\\/www.siif.fr\\\/pl\\\/\"},{\"@type\":\"ListItem\",\"position\":2,\"name\":\"NASZE RYNKI\",\"item\":\"https:\\\/\\\/www.siif.fr\\\/pl\\\/rynki\\\/\"},{\"@type\":\"ListItem\",\"position\":3,\"name\":\"\u017beliwo\"}]},{\"@type\":\"WebSite\",\"@id\":\"https:\\\/\\\/www.siif.fr\\\/pl\\\/#website\",\"url\":\"https:\\\/\\\/www.siif.fr\\\/pl\\\/\",\"name\":\"SIIF - PL\",\"description\":\"Soci\u00e9t\u00e9 d&#039;Ing\u00e9nierie en Industrie Fonderie\",\"potentialAction\":[{\"@type\":\"SearchAction\",\"target\":{\"@type\":\"EntryPoint\",\"urlTemplate\":\"https:\\\/\\\/www.siif.fr\\\/pl\\\/?s={search_term_string}\"},\"query-input\":{\"@type\":\"PropertyValueSpecification\",\"valueRequired\":true,\"valueName\":\"search_term_string\"}}],\"inLanguage\":\"pl-PL\"}]}<\/script>\n<!-- \/ Yoast SEO plugin. -->","yoast_head_json":{"title":"\u017beliwo - SIIF - PL","description":"SiiF supplies CASTING finishing equipment for all main players in the automotive, railway, road network, heavy commercial vehicles, culinary and urban development sectors, etc.","robots":{"index":"index","follow":"follow","max-snippet":"max-snippet:-1","max-image-preview":"max-image-preview:large","max-video-preview":"max-video-preview:-1"},"canonical":"https:\/\/www.siif.fr\/pl\/rynki\/zeliwo\/","og_locale":"pl_PL","og_type":"article","og_title":"\u017beliwo - SIIF - PL","og_description":"SiiF supplies CASTING finishing equipment for all main players in the automotive, railway, road network, heavy commercial vehicles, culinary and urban development sectors, etc.","og_url":"https:\/\/www.siif.fr\/pl\/rynki\/zeliwo\/","og_site_name":"SIIF - PL","article_modified_time":"2022-02-28T13:57:28+00:00","og_image":[{"width":400,"height":400,"url":"http:\/\/www.siif.fr\/pl\/wp-content\/uploads\/sites\/8\/2018\/06\/fonte_texture2.jpg","type":"image\/jpeg"}],"twitter_card":"summary_large_image","schema":{"@context":"https:\/\/schema.org","@graph":[{"@type":"WebPage","@id":"https:\/\/www.siif.fr\/pl\/rynki\/zeliwo\/","url":"https:\/\/www.siif.fr\/pl\/rynki\/zeliwo\/","name":"\u017beliwo - SIIF - PL","isPartOf":{"@id":"https:\/\/www.siif.fr\/pl\/#website"},"primaryImageOfPage":{"@id":"https:\/\/www.siif.fr\/pl\/rynki\/zeliwo\/#primaryimage"},"image":{"@id":"https:\/\/www.siif.fr\/pl\/rynki\/zeliwo\/#primaryimage"},"thumbnailUrl":"https:\/\/www.siif.fr\/pl\/wp-content\/uploads\/sites\/8\/2018\/06\/fonte_texture2.jpg","datePublished":"2018-01-22T10:52:40+00:00","dateModified":"2022-02-28T13:57:28+00:00","description":"SiiF supplies CASTING finishing equipment for all main players in the automotive, railway, road network, heavy commercial vehicles, culinary and urban development sectors, etc.","breadcrumb":{"@id":"https:\/\/www.siif.fr\/pl\/rynki\/zeliwo\/#breadcrumb"},"inLanguage":"pl-PL","potentialAction":[{"@type":"ReadAction","target":["https:\/\/www.siif.fr\/pl\/rynki\/zeliwo\/"]}]},{"@type":"ImageObject","inLanguage":"pl-PL","@id":"https:\/\/www.siif.fr\/pl\/rynki\/zeliwo\/#primaryimage","url":"https:\/\/www.siif.fr\/pl\/wp-content\/uploads\/sites\/8\/2018\/06\/fonte_texture2.jpg","contentUrl":"https:\/\/www.siif.fr\/pl\/wp-content\/uploads\/sites\/8\/2018\/06\/fonte_texture2.jpg","width":400,"height":400},{"@type":"BreadcrumbList","@id":"https:\/\/www.siif.fr\/pl\/rynki\/zeliwo\/#breadcrumb","itemListElement":[{"@type":"ListItem","position":1,"name":"Home","item":"https:\/\/www.siif.fr\/pl\/"},{"@type":"ListItem","position":2,"name":"NASZE RYNKI","item":"https:\/\/www.siif.fr\/pl\/rynki\/"},{"@type":"ListItem","position":3,"name":"\u017beliwo"}]},{"@type":"WebSite","@id":"https:\/\/www.siif.fr\/pl\/#website","url":"https:\/\/www.siif.fr\/pl\/","name":"SIIF - PL","description":"Soci\u00e9t\u00e9 d&#039;Ing\u00e9nierie en Industrie Fonderie","potentialAction":[{"@type":"SearchAction","target":{"@type":"EntryPoint","urlTemplate":"https:\/\/www.siif.fr\/pl\/?s={search_term_string}"},"query-input":{"@type":"PropertyValueSpecification","valueRequired":true,"valueName":"search_term_string"}}],"inLanguage":"pl-PL"}]}},"_links":{"self":[{"href":"https:\/\/www.siif.fr\/pl\/wp-json\/wp\/v2\/pages\/31","targetHints":{"allow":["GET"]}}],"collection":[{"href":"https:\/\/www.siif.fr\/pl\/wp-json\/wp\/v2\/pages"}],"about":[{"href":"https:\/\/www.siif.fr\/pl\/wp-json\/wp\/v2\/types\/page"}],"author":[{"embeddable":true,"href":"https:\/\/www.siif.fr\/pl\/wp-json\/wp\/v2\/users\/1"}],"replies":[{"embeddable":true,"href":"https:\/\/www.siif.fr\/pl\/wp-json\/wp\/v2\/comments?post=31"}],"version-history":[{"count":21,"href":"https:\/\/www.siif.fr\/pl\/wp-json\/wp\/v2\/pages\/31\/revisions"}],"predecessor-version":[{"id":10065,"href":"https:\/\/www.siif.fr\/pl\/wp-json\/wp\/v2\/pages\/31\/revisions\/10065"}],"up":[{"embeddable":true,"href":"https:\/\/www.siif.fr\/pl\/wp-json\/wp\/v2\/pages\/16"}],"wp:featuredmedia":[{"embeddable":true,"href":"https:\/\/www.siif.fr\/pl\/wp-json\/wp\/v2\/media\/6412"}],"wp:attachment":[{"href":"https:\/\/www.siif.fr\/pl\/wp-json\/wp\/v2\/media?parent=31"}],"curies":[{"name":"wp","href":"https:\/\/api.w.org\/{rel}","templated":true}]}}